{"id":13754,"date":"2024-01-18T01:19:22","date_gmt":"2024-01-18T01:19:22","guid":{"rendered":"https:\/\/www.xiaomistoreks.com\/?post_type=product&#038;p=13754"},"modified":"2026-03-06T00:32:36","modified_gmt":"2026-03-06T00:32:36","slug":"xiaomi-mi-smart-home-hub-2","status":"publish","type":"product","link":"https:\/\/www.xiaomistoreks.com\/en\/product\/xiaomi-mi-smart-home-hub-2\/","title":{"rendered":"Xiaomi Mi Smart Home Hub 2"},"content":{"rendered":"<p><a href=\"https:\/\/www.xiaomistoreks.com\/wp-content\/uploads\/2024\/01\/sh23.jpg\"><img fetchpriority=\"high\" decoding=\"async\" src=\"https:\/\/www.xiaomistoreks.com\/wp-content\/uploads\/2024\/01\/sh23.jpg\" alt=\"\" width=\"1898\" height=\"1079\" class=\"alignnone size-full wp-image-13755\" \/><\/a><\/p>\n<p><a href=\"https:\/\/www.xiaomistoreks.com\/wp-content\/uploads\/2024\/01\/sh21.jpg\"><img decoding=\"async\" src=\"https:\/\/www.xiaomistoreks.com\/wp-content\/uploads\/2024\/01\/sh21.jpg\" alt=\"\" width=\"1907\" height=\"1109\" class=\"alignnone size-full wp-image-13756\" \/><\/a><\/p>\n<p><a href=\"https:\/\/www.xiaomistoreks.com\/wp-content\/uploads\/2024\/01\/sh12.jpg\"><img decoding=\"async\" src=\"https:\/\/www.xiaomistoreks.com\/wp-content\/uploads\/2024\/01\/sh12.jpg\" alt=\"\" width=\"1537\" height=\"599\" class=\"alignnone size-full wp-image-13757\" \/><\/a><\/p>\n<p><a href=\"https:\/\/www.xiaomistoreks.com\/wp-content\/uploads\/2024\/01\/sh2.jpg\"><img loading=\"lazy\" decoding=\"async\" src=\"https:\/\/www.xiaomistoreks.com\/wp-content\/uploads\/2024\/01\/sh2.jpg\" alt=\"\" width=\"1842\" height=\"1021\" class=\"alignnone size-full wp-image-13758\" \/><\/a><\/p>\n","protected":false},"excerpt":{"rendered":"<p>Xiaomi Smart Home Hub 2 di se si t\u00eb marr\u00eb kontrollin e shekullit t\u00eb 21-t\u00eb. Porta mund\u00ebson p\u00ebrdorimin e sensor\u00ebve, \u00e7elsave, dhe merr kontrollin e t\u00eb gjith\u00eb sistemit IoT. Lidhje e q\u00ebndrueshme me Bluetooth 5.0 BLE dhe lidhje t\u00eb certifikuar Zigbee 3.0.<\/p>\n","protected":false},"featured_media":13760,"template":"","meta":[],"product_cat":[169],"product_tag":[],"_links":{"self":[{"href":"https:\/\/www.xiaomistoreks.com\/en\/wp-json\/wp\/v2\/product\/13754"}],"collection":[{"href":"https:\/\/www.xiaomistoreks.com\/en\/wp-json\/wp\/v2\/product"}],"about":[{"href":"https:\/\/www.xiaomistoreks.com\/en\/wp-json\/wp\/v2\/types\/product"}],"version-history":[{"count":1,"href":"https:\/\/www.xiaomistoreks.com\/en\/wp-json\/wp\/v2\/product\/13754\/revisions"}],"predecessor-version":[{"id":13761,"href":"https:\/\/www.xiaomistoreks.com\/en\/wp-json\/wp\/v2\/product\/13754\/revisions\/13761"}],"wp:featuredmedia":[{"embeddable":true,"href":"https:\/\/www.xiaomistoreks.com\/en\/wp-json\/wp\/v2\/media\/13760"}],"wp:attachment":[{"href":"https:\/\/www.xiaomistoreks.com\/en\/wp-json\/wp\/v2\/media?parent=13754"}],"wp:term":[{"taxonomy":"product_cat","embeddable":true,"href":"https:\/\/www.xiaomistoreks.com\/en\/wp-json\/wp\/v2\/product_cat?post=13754"},{"taxonomy":"product_tag","embeddable":true,"href":"https:\/\/www.xiaomistoreks.com\/en\/wp-json\/wp\/v2\/product_tag?post=13754"}],"curies":[{"name":"wp","href":"https:\/\/api.w.org\/{rel}","templated":true}]}}