{"id":13751,"date":"2024-01-18T01:14:25","date_gmt":"2024-01-18T01:14:25","guid":{"rendered":"https:\/\/www.xiaomistoreks.com\/?post_type=product&#038;p=13751"},"modified":"2026-03-06T00:32:36","modified_gmt":"2026-03-06T00:32:36","slug":"xiaomi-instant-photo-paper-6-40-sheets","status":"publish","type":"product","link":"https:\/\/www.xiaomistoreks.com\/en\/product\/xiaomi-instant-photo-paper-6-40-sheets\/","title":{"rendered":"Xiaomi Instant Photo Paper 6&#8243; (40 Sheets)"},"content":{"rendered":"","protected":false},"excerpt":{"rendered":"<p>Set fotografike kushtuar printerit t\u00eb menj\u00ebhersh\u00ebm t\u00eb fotografive Xiaomi 1S. Fal\u00eb an\u00ebs ngjit\u00ebse t\u00eb letr\u00ebs, mund ta ngjitni me leht\u00ebsi foton n\u00eb shumic\u00ebn e sip\u00ebrfaqeve.<\/p>\n","protected":false},"featured_media":13752,"template":"","meta":[],"product_cat":[171],"product_tag":[],"_links":{"self":[{"href":"https:\/\/www.xiaomistoreks.com\/en\/wp-json\/wp\/v2\/product\/13751"}],"collection":[{"href":"https:\/\/www.xiaomistoreks.com\/en\/wp-json\/wp\/v2\/product"}],"about":[{"href":"https:\/\/www.xiaomistoreks.com\/en\/wp-json\/wp\/v2\/types\/product"}],"version-history":[{"count":1,"href":"https:\/\/www.xiaomistoreks.com\/en\/wp-json\/wp\/v2\/product\/13751\/revisions"}],"predecessor-version":[{"id":13753,"href":"https:\/\/www.xiaomistoreks.com\/en\/wp-json\/wp\/v2\/product\/13751\/revisions\/13753"}],"wp:featuredmedia":[{"embeddable":true,"href":"https:\/\/www.xiaomistoreks.com\/en\/wp-json\/wp\/v2\/media\/13752"}],"wp:attachment":[{"href":"https:\/\/www.xiaomistoreks.com\/en\/wp-json\/wp\/v2\/media?parent=13751"}],"wp:term":[{"taxonomy":"product_cat","embeddable":true,"href":"https:\/\/www.xiaomistoreks.com\/en\/wp-json\/wp\/v2\/product_cat?post=13751"},{"taxonomy":"product_tag","embeddable":true,"href":"https:\/\/www.xiaomistoreks.com\/en\/wp-json\/wp\/v2\/product_tag?post=13751"}],"curies":[{"name":"wp","href":"https:\/\/api.w.org\/{rel}","templated":true}]}}