{"id":13726,"date":"2024-01-18T00:02:12","date_gmt":"2024-01-18T00:02:12","guid":{"rendered":"https:\/\/www.xiaomistoreks.com\/?post_type=product&#038;p=13726"},"modified":"2026-04-09T09:08:19","modified_gmt":"2026-04-09T09:08:19","slug":"xiaomi-mi-robot-vacuum-x10-s10-brush-cover","status":"publish","type":"product","link":"https:\/\/www.xiaomistoreks.com\/en\/product\/xiaomi-mi-robot-vacuum-x10-s10-brush-cover\/","title":{"rendered":"Xiaomi Robot Vacuum S10\/ S10+\/ S20+\/X10+\/ X20+\/ X 20 Pro\/ X20 Max Brush Cover"},"content":{"rendered":"","protected":false},"excerpt":{"rendered":"<p>Mbulesa e fur\u00e7\u00ebs Xiaomi Robot Vacuum X10+\/S10+ \u00ebsht\u00eb nj\u00eb mbules\u00eb mbrojt\u00ebse e krijuar posa\u00e7\u00ebrisht p\u00ebr rregullimin e fur\u00e7\u00ebs s\u00eb fshes\u00ebs suaj robotike X10+ ose S10+.<\/p>\n","protected":false},"featured_media":13727,"template":"","meta":[],"product_cat":[272,155],"product_tag":[],"_links":{"self":[{"href":"https:\/\/www.xiaomistoreks.com\/en\/wp-json\/wp\/v2\/product\/13726"}],"collection":[{"href":"https:\/\/www.xiaomistoreks.com\/en\/wp-json\/wp\/v2\/product"}],"about":[{"href":"https:\/\/www.xiaomistoreks.com\/en\/wp-json\/wp\/v2\/types\/product"}],"version-history":[{"count":2,"href":"https:\/\/www.xiaomistoreks.com\/en\/wp-json\/wp\/v2\/product\/13726\/revisions"}],"predecessor-version":[{"id":22606,"href":"https:\/\/www.xiaomistoreks.com\/en\/wp-json\/wp\/v2\/product\/13726\/revisions\/22606"}],"wp:featuredmedia":[{"embeddable":true,"href":"https:\/\/www.xiaomistoreks.com\/en\/wp-json\/wp\/v2\/media\/13727"}],"wp:attachment":[{"href":"https:\/\/www.xiaomistoreks.com\/en\/wp-json\/wp\/v2\/media?parent=13726"}],"wp:term":[{"taxonomy":"product_cat","embeddable":true,"href":"https:\/\/www.xiaomistoreks.com\/en\/wp-json\/wp\/v2\/product_cat?post=13726"},{"taxonomy":"product_tag","embeddable":true,"href":"https:\/\/www.xiaomistoreks.com\/en\/wp-json\/wp\/v2\/product_tag?post=13726"}],"curies":[{"name":"wp","href":"https:\/\/api.w.org\/{rel}","templated":true}]}}