{"id":13711,"date":"2024-01-17T23:36:59","date_gmt":"2024-01-17T23:36:59","guid":{"rendered":"https:\/\/www.xiaomistoreks.com\/?post_type=product&#038;p=13711"},"modified":"2026-05-06T07:17:32","modified_gmt":"2026-05-06T07:17:32","slug":"xiaomi-mi-robot-vacuum-s10-e10-side-brush","status":"publish","type":"product","link":"https:\/\/www.xiaomistoreks.com\/en\/product\/xiaomi-mi-robot-vacuum-s10-e10-side-brush\/","title":{"rendered":"Xiaomi Mi Robot Vacuum S10\/E10 Side Brush"},"content":{"rendered":"","protected":false},"excerpt":{"rendered":"<p>K\u00ebto fur\u00e7a z\u00ebvend\u00ebsuese me cil\u00ebsi t\u00eb lart\u00eb kapin pa mundim pluhurin, papast\u00ebrtit\u00eb dhe qimet dhe i mbajn\u00eb dyshemet\u00eb tuaja t\u00eb pastra. Z\u00ebvend\u00ebsimi \u00ebsht\u00eb i leht\u00eb dhe fur\u00e7at an\u00ebsore jan\u00eb t\u00eb q\u00ebndrueshme. Per fshese S10\/E10<\/p>\n","protected":false},"featured_media":13712,"template":"","meta":[],"product_cat":[272],"product_tag":[],"_links":{"self":[{"href":"https:\/\/www.xiaomistoreks.com\/en\/wp-json\/wp\/v2\/product\/13711"}],"collection":[{"href":"https:\/\/www.xiaomistoreks.com\/en\/wp-json\/wp\/v2\/product"}],"about":[{"href":"https:\/\/www.xiaomistoreks.com\/en\/wp-json\/wp\/v2\/types\/product"}],"version-history":[{"count":1,"href":"https:\/\/www.xiaomistoreks.com\/en\/wp-json\/wp\/v2\/product\/13711\/revisions"}],"predecessor-version":[{"id":13713,"href":"https:\/\/www.xiaomistoreks.com\/en\/wp-json\/wp\/v2\/product\/13711\/revisions\/13713"}],"wp:featuredmedia":[{"embeddable":true,"href":"https:\/\/www.xiaomistoreks.com\/en\/wp-json\/wp\/v2\/media\/13712"}],"wp:attachment":[{"href":"https:\/\/www.xiaomistoreks.com\/en\/wp-json\/wp\/v2\/media?parent=13711"}],"wp:term":[{"taxonomy":"product_cat","embeddable":true,"href":"https:\/\/www.xiaomistoreks.com\/en\/wp-json\/wp\/v2\/product_cat?post=13711"},{"taxonomy":"product_tag","embeddable":true,"href":"https:\/\/www.xiaomistoreks.com\/en\/wp-json\/wp\/v2\/product_tag?post=13711"}],"curies":[{"name":"wp","href":"https:\/\/api.w.org\/{rel}","templated":true}]}}