{"id":13708,"date":"2024-01-17T23:35:31","date_gmt":"2024-01-17T23:35:31","guid":{"rendered":"https:\/\/www.xiaomistoreks.com\/?post_type=product&#038;p=13708"},"modified":"2026-03-06T00:32:33","modified_gmt":"2026-03-06T00:32:33","slug":"xiaomi-mi-robot-vacuum-s10-brush-cover","status":"publish","type":"product","link":"https:\/\/www.xiaomistoreks.com\/en\/product\/xiaomi-mi-robot-vacuum-s10-brush-cover\/","title":{"rendered":"Xiaomi Mi Robot Vacuum S10 Brush Cover"},"content":{"rendered":"","protected":false},"excerpt":{"rendered":"<p>Mbulesa e fur\u00e7\u00ebs Xiaomi Robot Vacuum S10 ofron mbrojtje efektive p\u00ebr fur\u00e7\u00ebn kryesore t\u00eb robotit tuaj t\u00eb fshes\u00ebs me korrent. Parandalon q\u00eb fur\u00e7a t\u00eb bjer\u00eb gjat\u00eb p\u00ebrdorimit, duke zgjatur jet\u00ebn e pajisjes tuaj. Hapja e rregullueshme e kapakut siguron heqje efektive t\u00eb pluhurit, nd\u00ebrsa mekanizmi i presionit lejon heqjen e leht\u00eb kur d\u00ebshironi t\u00eb pastroni kapakun. Kjo mbules\u00eb \u00ebsht\u00eb rezistente ndaj g\u00ebrryerjes dhe mund t\u00eb lahet p\u00ebr t\u00eb siguruar p\u00ebrdorim afatgjat\u00eb dhe higjienik.<\/p>\n","protected":false},"featured_media":13709,"template":"","meta":[],"product_cat":[272],"product_tag":[],"_links":{"self":[{"href":"https:\/\/www.xiaomistoreks.com\/en\/wp-json\/wp\/v2\/product\/13708"}],"collection":[{"href":"https:\/\/www.xiaomistoreks.com\/en\/wp-json\/wp\/v2\/product"}],"about":[{"href":"https:\/\/www.xiaomistoreks.com\/en\/wp-json\/wp\/v2\/types\/product"}],"version-history":[{"count":1,"href":"https:\/\/www.xiaomistoreks.com\/en\/wp-json\/wp\/v2\/product\/13708\/revisions"}],"predecessor-version":[{"id":13710,"href":"https:\/\/www.xiaomistoreks.com\/en\/wp-json\/wp\/v2\/product\/13708\/revisions\/13710"}],"wp:featuredmedia":[{"embeddable":true,"href":"https:\/\/www.xiaomistoreks.com\/en\/wp-json\/wp\/v2\/media\/13709"}],"wp:attachment":[{"href":"https:\/\/www.xiaomistoreks.com\/en\/wp-json\/wp\/v2\/media?parent=13708"}],"wp:term":[{"taxonomy":"product_cat","embeddable":true,"href":"https:\/\/www.xiaomistoreks.com\/en\/wp-json\/wp\/v2\/product_cat?post=13708"},{"taxonomy":"product_tag","embeddable":true,"href":"https:\/\/www.xiaomistoreks.com\/en\/wp-json\/wp\/v2\/product_tag?post=13708"}],"curies":[{"name":"wp","href":"https:\/\/api.w.org\/{rel}","templated":true}]}}