{"id":13690,"date":"2024-01-17T23:29:52","date_gmt":"2024-01-17T23:29:52","guid":{"rendered":"https:\/\/www.xiaomistoreks.com\/?post_type=product&#038;p=13690"},"modified":"2026-03-06T00:32:34","modified_gmt":"2026-03-06T00:32:34","slug":"xiaomi-mi-smart-band-7-pro-strap","status":"publish","type":"product","link":"https:\/\/www.xiaomistoreks.com\/en\/product\/xiaomi-mi-smart-band-7-pro-strap\/","title":{"rendered":"Xiaomi Mi Smart Band 7 Pro Strap"},"content":{"rendered":"<p><a href=\"https:\/\/www.xiaomistoreks.com\/wp-content\/uploads\/2024\/01\/7b3.jpg\"><img fetchpriority=\"high\" decoding=\"async\" class=\"alignnone size-full wp-image-13697\" src=\"https:\/\/www.xiaomistoreks.com\/wp-content\/uploads\/2024\/01\/7b3.jpg\" alt=\"\" width=\"1718\" height=\"916\" \/><\/a><\/p>\n<p><a href=\"https:\/\/www.xiaomistoreks.com\/wp-content\/uploads\/2024\/01\/7b2.jpg\"><img decoding=\"async\" class=\"alignnone size-full wp-image-13698\" src=\"https:\/\/www.xiaomistoreks.com\/wp-content\/uploads\/2024\/01\/7b2.jpg\" alt=\"\" width=\"1867\" height=\"962\" \/><\/a><\/p>\n<p><a href=\"https:\/\/www.xiaomistoreks.com\/wp-content\/uploads\/2024\/01\/7b1.jpg\"><img decoding=\"async\" class=\"alignnone size-full wp-image-13699\" src=\"https:\/\/www.xiaomistoreks.com\/wp-content\/uploads\/2024\/01\/7b1.jpg\" alt=\"\" width=\"1598\" height=\"883\" \/><\/a><\/p>\n","protected":false},"excerpt":{"rendered":"<p>Rryp z\u00ebvend\u00ebsues p\u00ebr Xiaomi Smart Band 7 Pro.<\/p>\n","protected":false},"featured_media":13694,"template":"","meta":[],"product_cat":[221],"product_tag":[],"_links":{"self":[{"href":"https:\/\/www.xiaomistoreks.com\/en\/wp-json\/wp\/v2\/product\/13690"}],"collection":[{"href":"https:\/\/www.xiaomistoreks.com\/en\/wp-json\/wp\/v2\/product"}],"about":[{"href":"https:\/\/www.xiaomistoreks.com\/en\/wp-json\/wp\/v2\/types\/product"}],"version-history":[{"count":2,"href":"https:\/\/www.xiaomistoreks.com\/en\/wp-json\/wp\/v2\/product\/13690\/revisions"}],"predecessor-version":[{"id":19085,"href":"https:\/\/www.xiaomistoreks.com\/en\/wp-json\/wp\/v2\/product\/13690\/revisions\/19085"}],"wp:featuredmedia":[{"embeddable":true,"href":"https:\/\/www.xiaomistoreks.com\/en\/wp-json\/wp\/v2\/media\/13694"}],"wp:attachment":[{"href":"https:\/\/www.xiaomistoreks.com\/en\/wp-json\/wp\/v2\/media?parent=13690"}],"wp:term":[{"taxonomy":"product_cat","embeddable":true,"href":"https:\/\/www.xiaomistoreks.com\/en\/wp-json\/wp\/v2\/product_cat?post=13690"},{"taxonomy":"product_tag","embeddable":true,"href":"https:\/\/www.xiaomistoreks.com\/en\/wp-json\/wp\/v2\/product_tag?post=13690"}],"curies":[{"name":"wp","href":"https:\/\/api.w.org\/{rel}","templated":true}]}}