{"id":13588,"date":"2023-12-30T22:10:25","date_gmt":"2023-12-30T22:10:25","guid":{"rendered":"https:\/\/www.xiaomistoreks.com\/?post_type=product&#038;p=13588"},"modified":"2026-03-06T00:32:32","modified_gmt":"2026-03-06T00:32:32","slug":"xiaomi-mi-smart-air-purifier-4-compact-filter","status":"publish","type":"product","link":"https:\/\/www.xiaomistoreks.com\/en\/product\/xiaomi-mi-smart-air-purifier-4-compact-filter\/","title":{"rendered":"Xiaomi Mi Smart Air Purifier 4 Compact Filter"},"content":{"rendered":"<p><a href=\"https:\/\/www.xiaomistoreks.com\/wp-content\/uploads\/2023\/12\/4c1.jpg\"><img fetchpriority=\"high\" decoding=\"async\" src=\"https:\/\/www.xiaomistoreks.com\/wp-content\/uploads\/2023\/12\/4c1.jpg\" alt=\"\" width=\"1884\" height=\"1149\" class=\"alignnone size-full wp-image-13590\" \/><\/a><\/p>\n<p><a href=\"https:\/\/www.xiaomistoreks.com\/wp-content\/uploads\/2023\/12\/4c.jpg\"><img decoding=\"async\" src=\"https:\/\/www.xiaomistoreks.com\/wp-content\/uploads\/2023\/12\/4c.jpg\" alt=\"\" width=\"1760\" height=\"967\" class=\"alignnone size-full wp-image-13591\" \/><\/a><\/p>\n","protected":false},"excerpt":{"rendered":"<p>Filteri z\u00ebvend\u00ebsues p\u00ebr Xiaomi Smart Air Purifier 4 Compact q\u00eb filtron dhe kap n\u00eb m\u00ebnyr\u00eb efektive 99,97% t\u00eb grimcave q\u00eb nuk d\u00ebshironi t\u00eb thithni. Ju leht\u00eb dhe pa probleme z\u00ebvend\u00ebsoni filtrin duke vidhosur n\u00eb pjes\u00ebn e poshtme t\u00eb pastruesit t\u00eb ajrit. Jet\u00ebgjat\u00ebsia e filtrave \u00ebsht\u00eb 6-12 muaj.<\/p>\n","protected":false},"featured_media":13589,"template":"","meta":[],"product_cat":[236,377],"product_tag":[],"_links":{"self":[{"href":"https:\/\/www.xiaomistoreks.com\/en\/wp-json\/wp\/v2\/product\/13588"}],"collection":[{"href":"https:\/\/www.xiaomistoreks.com\/en\/wp-json\/wp\/v2\/product"}],"about":[{"href":"https:\/\/www.xiaomistoreks.com\/en\/wp-json\/wp\/v2\/types\/product"}],"version-history":[{"count":1,"href":"https:\/\/www.xiaomistoreks.com\/en\/wp-json\/wp\/v2\/product\/13588\/revisions"}],"predecessor-version":[{"id":13592,"href":"https:\/\/www.xiaomistoreks.com\/en\/wp-json\/wp\/v2\/product\/13588\/revisions\/13592"}],"wp:featuredmedia":[{"embeddable":true,"href":"https:\/\/www.xiaomistoreks.com\/en\/wp-json\/wp\/v2\/media\/13589"}],"wp:attachment":[{"href":"https:\/\/www.xiaomistoreks.com\/en\/wp-json\/wp\/v2\/media?parent=13588"}],"wp:term":[{"taxonomy":"product_cat","embeddable":true,"href":"https:\/\/www.xiaomistoreks.com\/en\/wp-json\/wp\/v2\/product_cat?post=13588"},{"taxonomy":"product_tag","embeddable":true,"href":"https:\/\/www.xiaomistoreks.com\/en\/wp-json\/wp\/v2\/product_tag?post=13588"}],"curies":[{"name":"wp","href":"https:\/\/api.w.org\/{rel}","templated":true}]}}