{"id":13577,"date":"2023-12-30T22:01:52","date_gmt":"2023-12-30T22:01:52","guid":{"rendered":"https:\/\/www.xiaomistoreks.com\/?post_type=product&#038;p=13577"},"modified":"2026-04-20T17:27:09","modified_gmt":"2026-04-20T17:27:09","slug":"xiaomi-mi-robot-vacuum-mop-2-ultra-disposable-bag","status":"publish","type":"product","link":"https:\/\/www.xiaomistoreks.com\/en\/product\/xiaomi-mi-robot-vacuum-mop-2-ultra-disposable-bag\/","title":{"rendered":"Xiaomi Mi Robot Vacuum-Mop 2 Ultra Disposable Bag"},"content":{"rendered":"<p><a href=\"https:\/\/www.xiaomistoreks.com\/wp-content\/uploads\/2023\/12\/disb.jpg\"><img fetchpriority=\"high\" decoding=\"async\" src=\"https:\/\/www.xiaomistoreks.com\/wp-content\/uploads\/2023\/12\/disb.jpg\" alt=\"\" width=\"1667\" height=\"874\" class=\"alignnone size-full wp-image-13579\" \/><\/a><\/p>\n","protected":false},"excerpt":{"rendered":"<p>Qese pluhuri nj\u00ebp\u00ebrdorimshme 5 cop\u00eb<br \/>\nSuper Kapaciteti 4L, Zgjat 45 Dit\u00ebt pa hedhur mbeturinat<br \/>\nQesja e pluhurit e disponueshme \u00ebsht\u00eb 10 her\u00eb kapaciteti i pluhurit se kutia e zakonshme e pluhurit, zakonisht duhet t\u00eb z\u00ebvend\u00ebsohet p\u00ebr 45 dit\u00eb.<\/p>\n","protected":false},"featured_media":13578,"template":"","meta":[],"product_cat":[272],"product_tag":[],"_links":{"self":[{"href":"https:\/\/www.xiaomistoreks.com\/en\/wp-json\/wp\/v2\/product\/13577"}],"collection":[{"href":"https:\/\/www.xiaomistoreks.com\/en\/wp-json\/wp\/v2\/product"}],"about":[{"href":"https:\/\/www.xiaomistoreks.com\/en\/wp-json\/wp\/v2\/types\/product"}],"version-history":[{"count":1,"href":"https:\/\/www.xiaomistoreks.com\/en\/wp-json\/wp\/v2\/product\/13577\/revisions"}],"predecessor-version":[{"id":13580,"href":"https:\/\/www.xiaomistoreks.com\/en\/wp-json\/wp\/v2\/product\/13577\/revisions\/13580"}],"wp:featuredmedia":[{"embeddable":true,"href":"https:\/\/www.xiaomistoreks.com\/en\/wp-json\/wp\/v2\/media\/13578"}],"wp:attachment":[{"href":"https:\/\/www.xiaomistoreks.com\/en\/wp-json\/wp\/v2\/media?parent=13577"}],"wp:term":[{"taxonomy":"product_cat","embeddable":true,"href":"https:\/\/www.xiaomistoreks.com\/en\/wp-json\/wp\/v2\/product_cat?post=13577"},{"taxonomy":"product_tag","embeddable":true,"href":"https:\/\/www.xiaomistoreks.com\/en\/wp-json\/wp\/v2\/product_tag?post=13577"}],"curies":[{"name":"wp","href":"https:\/\/api.w.org\/{rel}","templated":true}]}}