{"id":13457,"date":"2023-12-19T13:50:21","date_gmt":"2023-12-19T13:50:21","guid":{"rendered":"https:\/\/www.xiaomistoreks.com\/?post_type=product&#038;p=13457"},"modified":"2026-03-06T00:32:29","modified_gmt":"2026-03-06T00:32:29","slug":"xiaomi-mi-smart-clock","status":"publish","type":"product","link":"https:\/\/www.xiaomistoreks.com\/en\/product\/xiaomi-mi-smart-clock\/","title":{"rendered":"Xiaomi Mi Smart Clock"},"content":{"rendered":"<p><a href=\"https:\/\/www.xiaomistoreks.com\/wp-content\/uploads\/2023\/12\/Capture.jpg\"><img fetchpriority=\"high\" decoding=\"async\" class=\"alignnone size-full wp-image-13459\" src=\"https:\/\/www.xiaomistoreks.com\/wp-content\/uploads\/2023\/12\/Capture.jpg\" alt=\"\" width=\"1965\" height=\"840\" \/><\/a><\/p>\n<p><a href=\"https:\/\/www.xiaomistoreks.com\/wp-content\/uploads\/2023\/12\/Capture1.jpg\"><img decoding=\"async\" class=\"alignnone size-full wp-image-13460\" src=\"https:\/\/www.xiaomistoreks.com\/wp-content\/uploads\/2023\/12\/Capture1.jpg\" alt=\"\" width=\"1936\" height=\"1206\" \/><\/a><\/p>\n<p><a href=\"https:\/\/www.xiaomistoreks.com\/wp-content\/uploads\/2023\/12\/Capture2.jpg\"><img decoding=\"async\" class=\"alignnone size-full wp-image-13461\" src=\"https:\/\/www.xiaomistoreks.com\/wp-content\/uploads\/2023\/12\/Capture2.jpg\" alt=\"\" width=\"1632\" height=\"733\" \/><\/a><\/p>\n<p><a href=\"https:\/\/www.xiaomistoreks.com\/wp-content\/uploads\/2023\/12\/Capture3.jpg\"><img loading=\"lazy\" decoding=\"async\" class=\"alignnone size-full wp-image-13462\" src=\"https:\/\/www.xiaomistoreks.com\/wp-content\/uploads\/2023\/12\/Capture3.jpg\" alt=\"\" width=\"1826\" height=\"918\" \/><\/a><\/p>\n<p><a href=\"https:\/\/www.xiaomistoreks.com\/wp-content\/uploads\/2023\/12\/Capture4.jpg\"><img loading=\"lazy\" decoding=\"async\" class=\"alignnone size-full wp-image-13463\" src=\"https:\/\/www.xiaomistoreks.com\/wp-content\/uploads\/2023\/12\/Capture4.jpg\" alt=\"\" width=\"1611\" height=\"938\" \/><\/a><\/p>\n","protected":false},"excerpt":{"rendered":"<p>Me dizajnin e saj t\u00eb thjesht\u00eb, ora kompakte Mi Smart p\u00ebrshtatet n\u00eb m\u00ebnyr\u00eb t\u00eb p\u00ebrkryer n\u00eb \u00e7do dhom\u00eb. Zgjidhni nga dhjet\u00eb pamje t\u00eb ndryshme dhe p\u00ebrshtatni ngjyrat sipas shijes tuaj. Ju gjithashtu mund t\u00eb zgjidhni t\u00eb shfaqni imazhe nga galeria juaj. Duke ndryshuar pamjen e saj, Mi Smart Clock do t\u00eb ndihet gjithmon\u00eb si e re!<\/p>\n","protected":false},"featured_media":13458,"template":"","meta":[],"product_cat":[171,169],"product_tag":[],"_links":{"self":[{"href":"https:\/\/www.xiaomistoreks.com\/en\/wp-json\/wp\/v2\/product\/13457"}],"collection":[{"href":"https:\/\/www.xiaomistoreks.com\/en\/wp-json\/wp\/v2\/product"}],"about":[{"href":"https:\/\/www.xiaomistoreks.com\/en\/wp-json\/wp\/v2\/types\/product"}],"version-history":[{"count":3,"href":"https:\/\/www.xiaomistoreks.com\/en\/wp-json\/wp\/v2\/product\/13457\/revisions"}],"predecessor-version":[{"id":16090,"href":"https:\/\/www.xiaomistoreks.com\/en\/wp-json\/wp\/v2\/product\/13457\/revisions\/16090"}],"wp:featuredmedia":[{"embeddable":true,"href":"https:\/\/www.xiaomistoreks.com\/en\/wp-json\/wp\/v2\/media\/13458"}],"wp:attachment":[{"href":"https:\/\/www.xiaomistoreks.com\/en\/wp-json\/wp\/v2\/media?parent=13457"}],"wp:term":[{"taxonomy":"product_cat","embeddable":true,"href":"https:\/\/www.xiaomistoreks.com\/en\/wp-json\/wp\/v2\/product_cat?post=13457"},{"taxonomy":"product_tag","embeddable":true,"href":"https:\/\/www.xiaomistoreks.com\/en\/wp-json\/wp\/v2\/product_tag?post=13457"}],"curies":[{"name":"wp","href":"https:\/\/api.w.org\/{rel}","templated":true}]}}