{"id":12963,"date":"2023-09-19T20:15:56","date_gmt":"2023-09-19T20:15:56","guid":{"rendered":"https:\/\/www.xiaomistoreks.com\/?post_type=product&#038;p=12963"},"modified":"2026-04-09T08:46:04","modified_gmt":"2026-04-09T08:46:04","slug":"xiaomi-tv-box-s-2nd-gen","status":"publish","type":"product","link":"https:\/\/www.xiaomistoreks.com\/en\/product\/xiaomi-tv-box-s-2nd-gen\/","title":{"rendered":"Xiaomi TV Box S (2nd Gen)"},"content":{"rendered":"<p><a href=\"https:\/\/www.xiaomistoreks.com\/wp-content\/uploads\/2023\/09\/sbox7.jpg\"><img fetchpriority=\"high\" decoding=\"async\" class=\"alignnone size-full wp-image-12965\" src=\"https:\/\/www.xiaomistoreks.com\/wp-content\/uploads\/2023\/09\/sbox7.jpg\" alt=\"\" width=\"1865\" height=\"1027\" \/><\/a><\/p>\n<p><a href=\"https:\/\/www.xiaomistoreks.com\/wp-content\/uploads\/2023\/09\/sbox6.jpg\"><img decoding=\"async\" class=\"alignnone size-full wp-image-12966\" src=\"https:\/\/www.xiaomistoreks.com\/wp-content\/uploads\/2023\/09\/sbox6.jpg\" alt=\"\" width=\"1869\" height=\"887\" \/><\/a><\/p>\n<p><a href=\"https:\/\/www.xiaomistoreks.com\/wp-content\/uploads\/2023\/09\/sbox5.jpg\"><img decoding=\"async\" class=\"alignnone size-full wp-image-12967\" src=\"https:\/\/www.xiaomistoreks.com\/wp-content\/uploads\/2023\/09\/sbox5.jpg\" alt=\"\" width=\"1864\" height=\"1078\" \/><\/a><\/p>\n<p><a href=\"https:\/\/www.xiaomistoreks.com\/wp-content\/uploads\/2023\/09\/sbox4.jpg\"><img loading=\"lazy\" decoding=\"async\" class=\"alignnone size-full wp-image-12968\" src=\"https:\/\/www.xiaomistoreks.com\/wp-content\/uploads\/2023\/09\/sbox4.jpg\" alt=\"\" width=\"1879\" height=\"925\" \/><\/a><\/p>\n<p><a href=\"https:\/\/www.xiaomistoreks.com\/wp-content\/uploads\/2023\/09\/sbox3.jpg\"><img loading=\"lazy\" decoding=\"async\" class=\"alignnone size-full wp-image-12969\" src=\"https:\/\/www.xiaomistoreks.com\/wp-content\/uploads\/2023\/09\/sbox3.jpg\" alt=\"\" width=\"1878\" height=\"647\" \/><\/a><\/p>\n<p><a href=\"https:\/\/www.xiaomistoreks.com\/wp-content\/uploads\/2023\/09\/sbox2.jpg\"><img loading=\"lazy\" decoding=\"async\" class=\"alignnone size-full wp-image-12970\" src=\"https:\/\/www.xiaomistoreks.com\/wp-content\/uploads\/2023\/09\/sbox2.jpg\" alt=\"\" width=\"1890\" height=\"888\" \/><\/a><\/p>\n","protected":false},"excerpt":{"rendered":"<p>Mi Tv Box S 2nd Gen i Xiaomi-t ju lejon t\u00eb konvertoni televizorin tuaj t\u00eb zakonsh\u00ebm n\u00eb nj\u00eb televizor smart. E t\u00ebra \u00e7far\u00eb ju duhet t\u00eb b\u00ebni \u00ebsht\u00eb t\u00eb lidhni Mi Tv Box S 2nd Gen n\u00eb pjes\u00ebn e pasme t\u00eb televizorit, duke e konfiguruar thjesht duke u lidhur me Wi-Fi. Ju mund t\u00eb transmetoni kudo dhe n\u00eb \u00e7do koh\u00eb. YouTube, Netflix, STARZPLAY dhe \u00e7far\u00eb jo, t\u00eb gjitha t\u00eb preferuarat tuaja vet\u00ebm nj\u00eb klikim larg me rezolucion 4K.<\/p>\n","protected":false},"featured_media":12964,"template":"","meta":[],"product_cat":[204,205,155],"product_tag":[],"_links":{"self":[{"href":"https:\/\/www.xiaomistoreks.com\/en\/wp-json\/wp\/v2\/product\/12963"}],"collection":[{"href":"https:\/\/www.xiaomistoreks.com\/en\/wp-json\/wp\/v2\/product"}],"about":[{"href":"https:\/\/www.xiaomistoreks.com\/en\/wp-json\/wp\/v2\/types\/product"}],"version-history":[{"count":3,"href":"https:\/\/www.xiaomistoreks.com\/en\/wp-json\/wp\/v2\/product\/12963\/revisions"}],"predecessor-version":[{"id":14706,"href":"https:\/\/www.xiaomistoreks.com\/en\/wp-json\/wp\/v2\/product\/12963\/revisions\/14706"}],"wp:featuredmedia":[{"embeddable":true,"href":"https:\/\/www.xiaomistoreks.com\/en\/wp-json\/wp\/v2\/media\/12964"}],"wp:attachment":[{"href":"https:\/\/www.xiaomistoreks.com\/en\/wp-json\/wp\/v2\/media?parent=12963"}],"wp:term":[{"taxonomy":"product_cat","embeddable":true,"href":"https:\/\/www.xiaomistoreks.com\/en\/wp-json\/wp\/v2\/product_cat?post=12963"},{"taxonomy":"product_tag","embeddable":true,"href":"https:\/\/www.xiaomistoreks.com\/en\/wp-json\/wp\/v2\/product_tag?post=12963"}],"curies":[{"name":"wp","href":"https:\/\/api.w.org\/{rel}","templated":true}]}}