{"id":12911,"date":"2023-09-09T18:43:18","date_gmt":"2023-09-09T18:43:18","guid":{"rendered":"https:\/\/www.xiaomistoreks.com\/?post_type=product&#038;p=12911"},"modified":"2026-03-06T00:32:27","modified_gmt":"2026-03-06T00:32:27","slug":"xiaomi-mi-robot-vacuum-e10-filter","status":"publish","type":"product","link":"https:\/\/www.xiaomistoreks.com\/en\/product\/xiaomi-mi-robot-vacuum-e10-filter\/","title":{"rendered":"Xiaomi Mi Robot Vacuum E10 Filter"},"content":{"rendered":"","protected":false},"excerpt":{"rendered":"<p>Filtri z\u00ebvend\u00ebsues p\u00ebr fshes\u00ebn smart Xiaomi Robot Vacuum E10.<\/p>\n","protected":false},"featured_media":12912,"template":"","meta":[],"product_cat":[225,272],"product_tag":[],"_links":{"self":[{"href":"https:\/\/www.xiaomistoreks.com\/en\/wp-json\/wp\/v2\/product\/12911"}],"collection":[{"href":"https:\/\/www.xiaomistoreks.com\/en\/wp-json\/wp\/v2\/product"}],"about":[{"href":"https:\/\/www.xiaomistoreks.com\/en\/wp-json\/wp\/v2\/types\/product"}],"version-history":[{"count":1,"href":"https:\/\/www.xiaomistoreks.com\/en\/wp-json\/wp\/v2\/product\/12911\/revisions"}],"predecessor-version":[{"id":12913,"href":"https:\/\/www.xiaomistoreks.com\/en\/wp-json\/wp\/v2\/product\/12911\/revisions\/12913"}],"wp:featuredmedia":[{"embeddable":true,"href":"https:\/\/www.xiaomistoreks.com\/en\/wp-json\/wp\/v2\/media\/12912"}],"wp:attachment":[{"href":"https:\/\/www.xiaomistoreks.com\/en\/wp-json\/wp\/v2\/media?parent=12911"}],"wp:term":[{"taxonomy":"product_cat","embeddable":true,"href":"https:\/\/www.xiaomistoreks.com\/en\/wp-json\/wp\/v2\/product_cat?post=12911"},{"taxonomy":"product_tag","embeddable":true,"href":"https:\/\/www.xiaomistoreks.com\/en\/wp-json\/wp\/v2\/product_tag?post=12911"}],"curies":[{"name":"wp","href":"https:\/\/api.w.org\/{rel}","templated":true}]}}