{"id":12890,"date":"2023-09-09T14:25:42","date_gmt":"2023-09-09T14:25:42","guid":{"rendered":"https:\/\/www.xiaomistoreks.com\/?post_type=product&#038;p=12890"},"modified":"2026-03-06T00:32:26","modified_gmt":"2026-03-06T00:32:26","slug":"xiaomi-smart-pen-gen2","status":"publish","type":"product","link":"https:\/\/www.xiaomistoreks.com\/en\/product\/xiaomi-smart-pen-gen2\/","title":{"rendered":"Xiaomi Smart Pen Gen2"},"content":{"rendered":"<p><a href=\"https:\/\/www.xiaomistoreks.com\/wp-content\/uploads\/2023\/09\/SP4-scaled.jpg\"><img fetchpriority=\"high\" decoding=\"async\" class=\"alignnone size-full wp-image-12891\" src=\"https:\/\/www.xiaomistoreks.com\/wp-content\/uploads\/2023\/09\/SP4-scaled.jpg\" alt=\"\" width=\"2560\" height=\"1195\" \/><\/a><\/p>\n<p><a href=\"https:\/\/www.xiaomistoreks.com\/wp-content\/uploads\/2023\/09\/SP3-scaled.jpg\"><img decoding=\"async\" class=\"alignnone size-full wp-image-12892\" src=\"https:\/\/www.xiaomistoreks.com\/wp-content\/uploads\/2023\/09\/SP3-scaled.jpg\" alt=\"\" width=\"2560\" height=\"1199\" \/><\/a><\/p>\n<p><a href=\"https:\/\/www.xiaomistoreks.com\/wp-content\/uploads\/2023\/09\/SP2-scaled.jpg\"><img decoding=\"async\" class=\"alignnone size-full wp-image-12893\" src=\"https:\/\/www.xiaomistoreks.com\/wp-content\/uploads\/2023\/09\/SP2-scaled.jpg\" alt=\"\" width=\"2560\" height=\"1199\" \/><\/a><\/p>\n<p><a href=\"https:\/\/www.xiaomistoreks.com\/wp-content\/uploads\/2023\/09\/SP1-scaled.jpg\"><img loading=\"lazy\" decoding=\"async\" class=\"alignnone size-full wp-image-12894\" src=\"https:\/\/www.xiaomistoreks.com\/wp-content\/uploads\/2023\/09\/SP1-scaled.jpg\" alt=\"\" width=\"2560\" height=\"1166\" \/><\/a><\/p>\n","protected":false},"excerpt":{"rendered":"<p>Lapsi i ri inteligjent\u00ebsht\u00eb partneri i p\u00ebrsosur p\u00ebr tabletin tuaj Xiaomi Pad 5 ose Pad 6, pavar\u00ebsisht n\u00ebse jeni duke skicuar, shkruar ose shikuar video, ky stilolaps i b\u00ebn t\u00eb gjitha. Xiaomi ka shqyrtuar me kujdes se si duhet t\u00eb funksionoj\u00eb nj\u00eb stilolaps tablet\u00eb dhe si p\u00ebrdoret, shkrimi nuk ka qen\u00eb kurr\u00eb m\u00eb i k\u00ebndsh\u00ebm.<\/p>\n","protected":false},"featured_media":12895,"template":"","meta":[],"product_cat":[171,150,154,153],"product_tag":[],"_links":{"self":[{"href":"https:\/\/www.xiaomistoreks.com\/en\/wp-json\/wp\/v2\/product\/12890"}],"collection":[{"href":"https:\/\/www.xiaomistoreks.com\/en\/wp-json\/wp\/v2\/product"}],"about":[{"href":"https:\/\/www.xiaomistoreks.com\/en\/wp-json\/wp\/v2\/types\/product"}],"version-history":[{"count":3,"href":"https:\/\/www.xiaomistoreks.com\/en\/wp-json\/wp\/v2\/product\/12890\/revisions"}],"predecessor-version":[{"id":17048,"href":"https:\/\/www.xiaomistoreks.com\/en\/wp-json\/wp\/v2\/product\/12890\/revisions\/17048"}],"wp:featuredmedia":[{"embeddable":true,"href":"https:\/\/www.xiaomistoreks.com\/en\/wp-json\/wp\/v2\/media\/12895"}],"wp:attachment":[{"href":"https:\/\/www.xiaomistoreks.com\/en\/wp-json\/wp\/v2\/media?parent=12890"}],"wp:term":[{"taxonomy":"product_cat","embeddable":true,"href":"https:\/\/www.xiaomistoreks.com\/en\/wp-json\/wp\/v2\/product_cat?post=12890"},{"taxonomy":"product_tag","embeddable":true,"href":"https:\/\/www.xiaomistoreks.com\/en\/wp-json\/wp\/v2\/product_tag?post=12890"}],"curies":[{"name":"wp","href":"https:\/\/api.w.org\/{rel}","templated":true}]}}