{"id":12837,"date":"2023-09-04T23:17:11","date_gmt":"2023-09-04T23:17:11","guid":{"rendered":"https:\/\/www.xiaomistoreks.com\/?post_type=product&#038;p=12837"},"modified":"2026-03-06T00:32:26","modified_gmt":"2026-03-06T00:32:26","slug":"xiaomi-uniblade-replacement-head","status":"publish","type":"product","link":"https:\/\/www.xiaomistoreks.com\/en\/product\/xiaomi-uniblade-replacement-head\/","title":{"rendered":"Xiaomi UniBlade Replacement Head"},"content":{"rendered":"","protected":false},"excerpt":{"rendered":"<p>Nj\u00eb aksesor praktik dhe efikas i krijuar p\u00ebr t\u00eb zgjatur jet\u00ebn e mjetit tuaj t\u00eb pastrimit. Kjo kok\u00eb z\u00ebvend\u00ebsuese \u00ebsht\u00eb krijuar posa\u00e7\u00ebrisht p\u00ebr t&#8217;iu p\u00ebrshtatur prer\u00ebsit Xiaomi Uniblade, duke siguruar pajtueshm\u00ebri t\u00eb qet\u00eb dhe performanc\u00eb optimale.<\/p>\n","protected":false},"featured_media":12838,"template":"","meta":[],"product_cat":[193],"product_tag":[],"_links":{"self":[{"href":"https:\/\/www.xiaomistoreks.com\/en\/wp-json\/wp\/v2\/product\/12837"}],"collection":[{"href":"https:\/\/www.xiaomistoreks.com\/en\/wp-json\/wp\/v2\/product"}],"about":[{"href":"https:\/\/www.xiaomistoreks.com\/en\/wp-json\/wp\/v2\/types\/product"}],"version-history":[{"count":1,"href":"https:\/\/www.xiaomistoreks.com\/en\/wp-json\/wp\/v2\/product\/12837\/revisions"}],"predecessor-version":[{"id":12839,"href":"https:\/\/www.xiaomistoreks.com\/en\/wp-json\/wp\/v2\/product\/12837\/revisions\/12839"}],"wp:featuredmedia":[{"embeddable":true,"href":"https:\/\/www.xiaomistoreks.com\/en\/wp-json\/wp\/v2\/media\/12838"}],"wp:attachment":[{"href":"https:\/\/www.xiaomistoreks.com\/en\/wp-json\/wp\/v2\/media?parent=12837"}],"wp:term":[{"taxonomy":"product_cat","embeddable":true,"href":"https:\/\/www.xiaomistoreks.com\/en\/wp-json\/wp\/v2\/product_cat?post=12837"},{"taxonomy":"product_tag","embeddable":true,"href":"https:\/\/www.xiaomistoreks.com\/en\/wp-json\/wp\/v2\/product_tag?post=12837"}],"curies":[{"name":"wp","href":"https:\/\/api.w.org\/{rel}","templated":true}]}}