{"id":12761,"date":"2023-08-17T19:12:24","date_gmt":"2023-08-17T19:12:24","guid":{"rendered":"https:\/\/www.xiaomistoreks.com\/?post_type=product&#038;p=12761"},"modified":"2026-05-09T14:32:50","modified_gmt":"2026-05-09T14:32:50","slug":"xiaomi-mi-lcd-writing-tablet-13-5-color-edition","status":"publish","type":"product","link":"https:\/\/www.xiaomistoreks.com\/en\/product\/xiaomi-mi-lcd-writing-tablet-13-5-color-edition\/","title":{"rendered":"Xiaomi Mi LCD Writing Tablet 13.5&#8243; (Color Edition)"},"content":{"rendered":"<p><a href=\"https:\/\/www.xiaomistoreks.com\/wp-content\/uploads\/2023\/08\/lcd4.jpg\"><img fetchpriority=\"high\" decoding=\"async\" class=\"alignnone size-full wp-image-12762\" src=\"https:\/\/www.xiaomistoreks.com\/wp-content\/uploads\/2023\/08\/lcd4.jpg\" alt=\"\" width=\"1840\" height=\"744\" \/><\/a><\/p>\n<p><a href=\"https:\/\/www.xiaomistoreks.com\/wp-content\/uploads\/2023\/08\/lcd3.jpg\"><img decoding=\"async\" class=\"alignnone size-full wp-image-12763\" src=\"https:\/\/www.xiaomistoreks.com\/wp-content\/uploads\/2023\/08\/lcd3.jpg\" alt=\"\" width=\"1847\" height=\"786\" \/><\/a><\/p>\n<p><a href=\"https:\/\/www.xiaomistoreks.com\/wp-content\/uploads\/2023\/08\/lcd2.jpg\"><img decoding=\"async\" class=\"alignnone size-full wp-image-12764\" src=\"https:\/\/www.xiaomistoreks.com\/wp-content\/uploads\/2023\/08\/lcd2.jpg\" alt=\"\" width=\"1851\" height=\"749\" \/><\/a><\/p>\n<p><a href=\"https:\/\/www.xiaomistoreks.com\/wp-content\/uploads\/2023\/08\/lcd1.jpg\"><img loading=\"lazy\" decoding=\"async\" class=\"alignnone size-full wp-image-12765\" src=\"https:\/\/www.xiaomistoreks.com\/wp-content\/uploads\/2023\/08\/lcd1.jpg\" alt=\"\" width=\"1864\" height=\"892\" \/><\/a><\/p>\n","protected":false},"excerpt":{"rendered":"<p>I leht\u00eb, e holl\u00eb dhe e leht\u00eb p\u00ebr t&#8217;u mbajtur, shkrim sensitiv, shkrim ultra i qart\u00eb i dor\u00ebs, stilolaps magnetik<\/p>\n","protected":false},"featured_media":12766,"template":"","meta":[],"product_cat":[188],"product_tag":[],"_links":{"self":[{"href":"https:\/\/www.xiaomistoreks.com\/en\/wp-json\/wp\/v2\/product\/12761"}],"collection":[{"href":"https:\/\/www.xiaomistoreks.com\/en\/wp-json\/wp\/v2\/product"}],"about":[{"href":"https:\/\/www.xiaomistoreks.com\/en\/wp-json\/wp\/v2\/types\/product"}],"version-history":[{"count":3,"href":"https:\/\/www.xiaomistoreks.com\/en\/wp-json\/wp\/v2\/product\/12761\/revisions"}],"predecessor-version":[{"id":16470,"href":"https:\/\/www.xiaomistoreks.com\/en\/wp-json\/wp\/v2\/product\/12761\/revisions\/16470"}],"wp:featuredmedia":[{"embeddable":true,"href":"https:\/\/www.xiaomistoreks.com\/en\/wp-json\/wp\/v2\/media\/12766"}],"wp:attachment":[{"href":"https:\/\/www.xiaomistoreks.com\/en\/wp-json\/wp\/v2\/media?parent=12761"}],"wp:term":[{"taxonomy":"product_cat","embeddable":true,"href":"https:\/\/www.xiaomistoreks.com\/en\/wp-json\/wp\/v2\/product_cat?post=12761"},{"taxonomy":"product_tag","embeddable":true,"href":"https:\/\/www.xiaomistoreks.com\/en\/wp-json\/wp\/v2\/product_tag?post=12761"}],"curies":[{"name":"wp","href":"https:\/\/api.w.org\/{rel}","templated":true}]}}