{"id":12680,"date":"2023-07-30T02:03:02","date_gmt":"2023-07-30T02:03:02","guid":{"rendered":"https:\/\/www.xiaomistoreks.com\/?post_type=product&#038;p=12680"},"modified":"2026-03-06T00:32:25","modified_gmt":"2026-03-06T00:32:25","slug":"xiaomi-mi-multi-function-flashlight","status":"publish","type":"product","link":"https:\/\/www.xiaomistoreks.com\/en\/product\/xiaomi-mi-multi-function-flashlight\/","title":{"rendered":"Xiaomi Mi Multi-function Flashlight"},"content":{"rendered":"<p><a href=\"https:\/\/www.xiaomistoreks.com\/wp-content\/uploads\/2023\/07\/Capture-5.jpg\"><img fetchpriority=\"high\" decoding=\"async\" class=\"alignnone size-full wp-image-12683\" src=\"https:\/\/www.xiaomistoreks.com\/wp-content\/uploads\/2023\/07\/Capture-5.jpg\" alt=\"\" width=\"1927\" height=\"984\" \/><\/a><\/p>\n<p><a href=\"https:\/\/www.xiaomistoreks.com\/wp-content\/uploads\/2023\/07\/Capture1-4.jpg\"><img decoding=\"async\" class=\"alignnone size-full wp-image-12684\" src=\"https:\/\/www.xiaomistoreks.com\/wp-content\/uploads\/2023\/07\/Capture1-4.jpg\" alt=\"\" width=\"1923\" height=\"937\" \/><\/a><\/p>\n<p><a href=\"https:\/\/www.xiaomistoreks.com\/wp-content\/uploads\/2023\/07\/Capture2-4.jpg\"><img decoding=\"async\" class=\"alignnone size-full wp-image-12685\" src=\"https:\/\/www.xiaomistoreks.com\/wp-content\/uploads\/2023\/07\/Capture2-4.jpg\" alt=\"\" width=\"1610\" height=\"832\" \/><\/a><\/p>\n<p><a href=\"https:\/\/www.xiaomistoreks.com\/wp-content\/uploads\/2023\/07\/Capture3-4.jpg\"><img loading=\"lazy\" decoding=\"async\" class=\"alignnone size-full wp-image-12686\" src=\"https:\/\/www.xiaomistoreks.com\/wp-content\/uploads\/2023\/07\/Capture3-4.jpg\" alt=\"\" width=\"1749\" height=\"888\" \/><\/a><\/p>\n<p><a href=\"https:\/\/www.xiaomistoreks.com\/wp-content\/uploads\/2023\/07\/Capture4-4.jpg\"><img loading=\"lazy\" decoding=\"async\" class=\"alignnone size-full wp-image-12687\" src=\"https:\/\/www.xiaomistoreks.com\/wp-content\/uploads\/2023\/07\/Capture4-4.jpg\" alt=\"\" width=\"1904\" height=\"948\" \/><\/a><\/p>\n","protected":false},"excerpt":{"rendered":"<p>Drita dore, diapazoni i drit\u00ebs deri n\u00eb 240m, prer\u00ebs i rripave dhe nd\u00ebrprer\u00ebsi i dritareve &#8211; nj\u00eb mjet q\u00eb mund t&#8217;ju shp\u00ebtoj\u00eb jet\u00ebn.<\/p>\n","protected":false},"featured_media":12682,"template":"","meta":[],"product_cat":[170,169],"product_tag":[],"_links":{"self":[{"href":"https:\/\/www.xiaomistoreks.com\/en\/wp-json\/wp\/v2\/product\/12680"}],"collection":[{"href":"https:\/\/www.xiaomistoreks.com\/en\/wp-json\/wp\/v2\/product"}],"about":[{"href":"https:\/\/www.xiaomistoreks.com\/en\/wp-json\/wp\/v2\/types\/product"}],"version-history":[{"count":3,"href":"https:\/\/www.xiaomistoreks.com\/en\/wp-json\/wp\/v2\/product\/12680\/revisions"}],"predecessor-version":[{"id":21476,"href":"https:\/\/www.xiaomistoreks.com\/en\/wp-json\/wp\/v2\/product\/12680\/revisions\/21476"}],"wp:featuredmedia":[{"embeddable":true,"href":"https:\/\/www.xiaomistoreks.com\/en\/wp-json\/wp\/v2\/media\/12682"}],"wp:attachment":[{"href":"https:\/\/www.xiaomistoreks.com\/en\/wp-json\/wp\/v2\/media?parent=12680"}],"wp:term":[{"taxonomy":"product_cat","embeddable":true,"href":"https:\/\/www.xiaomistoreks.com\/en\/wp-json\/wp\/v2\/product_cat?post=12680"},{"taxonomy":"product_tag","embeddable":true,"href":"https:\/\/www.xiaomistoreks.com\/en\/wp-json\/wp\/v2\/product_tag?post=12680"}],"curies":[{"name":"wp","href":"https:\/\/api.w.org\/{rel}","templated":true}]}}