{"id":12468,"date":"2023-06-22T15:42:40","date_gmt":"2023-06-22T15:42:40","guid":{"rendered":"https:\/\/www.xiaomistoreks.com\/?post_type=product&#038;p=12468"},"modified":"2026-03-06T00:32:21","modified_gmt":"2026-03-06T00:32:21","slug":"xiaomi-router-ac1200","status":"publish","type":"product","link":"https:\/\/www.xiaomistoreks.com\/en\/product\/xiaomi-router-ac1200\/","title":{"rendered":"Xiaomi Router AC1200"},"content":{"rendered":"<p><a href=\"https:\/\/www.xiaomistoreks.com\/wp-content\/uploads\/2023\/06\/ac1234567.png\"><img fetchpriority=\"high\" decoding=\"async\" class=\"alignnone size-full wp-image-12469\" src=\"https:\/\/www.xiaomistoreks.com\/wp-content\/uploads\/2023\/06\/ac1234567.png\" alt=\"\" width=\"1664\" height=\"896\" \/><\/a><\/p>\n<p><a href=\"https:\/\/www.xiaomistoreks.com\/wp-content\/uploads\/2023\/06\/ac123456.png\"><img decoding=\"async\" class=\"alignnone size-full wp-image-12470\" src=\"https:\/\/www.xiaomistoreks.com\/wp-content\/uploads\/2023\/06\/ac123456.png\" alt=\"\" width=\"1663\" height=\"854\" \/><\/a><\/p>\n<p><a href=\"https:\/\/www.xiaomistoreks.com\/wp-content\/uploads\/2023\/06\/ac12345.png\"><img decoding=\"async\" class=\"alignnone size-full wp-image-12471\" src=\"https:\/\/www.xiaomistoreks.com\/wp-content\/uploads\/2023\/06\/ac12345.png\" alt=\"\" width=\"1655\" height=\"842\" \/><\/a><\/p>\n<p><a href=\"https:\/\/www.xiaomistoreks.com\/wp-content\/uploads\/2023\/06\/ac1234.png\"><img loading=\"lazy\" decoding=\"async\" class=\"alignnone size-full wp-image-12472\" src=\"https:\/\/www.xiaomistoreks.com\/wp-content\/uploads\/2023\/06\/ac1234.png\" alt=\"\" width=\"1662\" height=\"907\" \/><\/a><\/p>\n<p><a href=\"https:\/\/www.xiaomistoreks.com\/wp-content\/uploads\/2023\/06\/ac123.png\"><img loading=\"lazy\" decoding=\"async\" class=\"alignnone size-full wp-image-12473\" src=\"https:\/\/www.xiaomistoreks.com\/wp-content\/uploads\/2023\/06\/ac123.png\" alt=\"\" width=\"1668\" height=\"753\" \/><\/a><\/p>\n","protected":false},"excerpt":{"rendered":"<p>Nj\u00eb ruter i plot\u00eb gigabit p\u00ebr internetin me fibra optike, duke siguruar shpejt\u00ebsi mbi 100 Mbps. Router Xiaomi AC1200 ofron 1 port WAN Gigabit dhe 2 porta Lan. Pajisja ju lejon t\u00eb p\u00ebrfitoni nga \u00e7do megabit. Ai p\u00ebrmban nj\u00eb procesor kompjuterik me kat\u00ebr fije, me dy b\u00ebrthama, me nj\u00eb shpejt\u00ebsi deri n\u00eb 880 MHz. Performanc\u00eb e fuqishme. Mb\u00ebshtet me leht\u00ebsi portat ethernet gigabit dhe transmetimin e t\u00eb dh\u00ebnave Wi-Fi me band\u00eb t\u00eb dyfisht\u00eb gigabit p\u00ebr nj\u00eb p\u00ebrvoj\u00eb m\u00eb t\u00eb qet\u00eb n\u00eb internet.<\/p>\n","protected":false},"featured_media":12474,"template":"","meta":[],"product_cat":[212,169],"product_tag":[],"_links":{"self":[{"href":"https:\/\/www.xiaomistoreks.com\/en\/wp-json\/wp\/v2\/product\/12468"}],"collection":[{"href":"https:\/\/www.xiaomistoreks.com\/en\/wp-json\/wp\/v2\/product"}],"about":[{"href":"https:\/\/www.xiaomistoreks.com\/en\/wp-json\/wp\/v2\/types\/product"}],"version-history":[{"count":2,"href":"https:\/\/www.xiaomistoreks.com\/en\/wp-json\/wp\/v2\/product\/12468\/revisions"}],"predecessor-version":[{"id":16588,"href":"https:\/\/www.xiaomistoreks.com\/en\/wp-json\/wp\/v2\/product\/12468\/revisions\/16588"}],"wp:featuredmedia":[{"embeddable":true,"href":"https:\/\/www.xiaomistoreks.com\/en\/wp-json\/wp\/v2\/media\/12474"}],"wp:attachment":[{"href":"https:\/\/www.xiaomistoreks.com\/en\/wp-json\/wp\/v2\/media?parent=12468"}],"wp:term":[{"taxonomy":"product_cat","embeddable":true,"href":"https:\/\/www.xiaomistoreks.com\/en\/wp-json\/wp\/v2\/product_cat?post=12468"},{"taxonomy":"product_tag","embeddable":true,"href":"https:\/\/www.xiaomistoreks.com\/en\/wp-json\/wp\/v2\/product_tag?post=12468"}],"curies":[{"name":"wp","href":"https:\/\/api.w.org\/{rel}","templated":true}]}}