{"id":12265,"date":"2023-05-17T23:46:36","date_gmt":"2023-05-17T23:46:36","guid":{"rendered":"https:\/\/www.xiaomistoreks.com\/?post_type=product&#038;p=12265"},"modified":"2026-03-18T00:07:22","modified_gmt":"2026-03-18T00:07:22","slug":"xiaomi-mi-robot-vacuum-e10","status":"publish","type":"product","link":"https:\/\/www.xiaomistoreks.com\/en\/product\/xiaomi-mi-robot-vacuum-e10\/","title":{"rendered":"Xiaomi Mi Robot Vacuum E10"},"content":{"rendered":"<p><a href=\"https:\/\/www.xiaomistoreks.com\/wp-content\/uploads\/2023\/05\/e1-scaled.jpg\"><img fetchpriority=\"high\" decoding=\"async\" class=\"alignnone size-full wp-image-12269\" src=\"https:\/\/www.xiaomistoreks.com\/wp-content\/uploads\/2023\/05\/e1-scaled.jpg\" alt=\"\" width=\"2560\" height=\"1210\" \/><\/a><\/p>\n<p><a href=\"https:\/\/www.xiaomistoreks.com\/wp-content\/uploads\/2023\/05\/e11.jpg\"><img decoding=\"async\" class=\"alignnone size-full wp-image-12270\" src=\"https:\/\/www.xiaomistoreks.com\/wp-content\/uploads\/2023\/05\/e11.jpg\" alt=\"\" width=\"2199\" height=\"1388\" \/><\/a><\/p>\n<p><a href=\"https:\/\/www.xiaomistoreks.com\/wp-content\/uploads\/2023\/05\/e12.jpg\"><img decoding=\"async\" class=\"alignnone size-full wp-image-12271\" src=\"https:\/\/www.xiaomistoreks.com\/wp-content\/uploads\/2023\/05\/e12.jpg\" alt=\"\" width=\"2194\" height=\"1385\" \/><\/a><\/p>\n<p><a href=\"https:\/\/www.xiaomistoreks.com\/wp-content\/uploads\/2023\/05\/e13-scaled.jpg\"><img loading=\"lazy\" decoding=\"async\" class=\"alignnone size-full wp-image-12272\" src=\"https:\/\/www.xiaomistoreks.com\/wp-content\/uploads\/2023\/05\/e13-scaled.jpg\" alt=\"\" width=\"2560\" height=\"1186\" \/><\/a><\/p>\n<p><a href=\"https:\/\/www.xiaomistoreks.com\/wp-content\/uploads\/2023\/05\/e14-scaled.jpg\"><img loading=\"lazy\" decoding=\"async\" class=\"alignnone size-full wp-image-12273\" src=\"https:\/\/www.xiaomistoreks.com\/wp-content\/uploads\/2023\/05\/e14-scaled.jpg\" alt=\"\" width=\"2560\" height=\"1204\" \/><\/a><\/p>\n<p><a href=\"https:\/\/www.xiaomistoreks.com\/wp-content\/uploads\/2023\/05\/e15-scaled.jpg\"><img loading=\"lazy\" decoding=\"async\" class=\"alignnone size-full wp-image-12274\" src=\"https:\/\/www.xiaomistoreks.com\/wp-content\/uploads\/2023\/05\/e15-scaled.jpg\" alt=\"\" width=\"2560\" height=\"1195\" \/><\/a><\/p>\n","protected":false},"excerpt":{"rendered":"<p>Xiaomi Robot Vacuum E10 -Fshes\u00eb me korrent robotik &#8211; fuqi thith\u00ebse 4000 Pa , e cila \u00ebsht\u00eb nj\u00eb nga avantazhet e r\u00ebnd\u00ebsishme p\u00ebr fshesat me korrent t\u00eb klasit ekzistues. P\u00ebrpar\u00ebsit\u00eb e tij kryesore jan\u00eb 3 lloje t\u00eb m\u00ebnyrave t\u00eb pastrimit: vakum ; Fshes\u00eb me korrent dhe pastrimin me uje. Lart\u00ebsia e fshes\u00ebs me korrent \u00ebsht\u00eb 8 centimetra, gj\u00eb q\u00eb leht\u00ebson l\u00ebvizjen e saj t\u00eb qet\u00eb edhe n\u00ebn mobilje. Roboti ka nj\u00eb pastrim zigzag , dhe puna e tij sigurohet nga nj\u00eb bateri 2600mAh apo 110 minuta. Roboti mund t\u00eb kontrollohet plot\u00ebsisht meAplikacioni Mi Home (Xiaomi Home) .<\/p>\n","protected":false},"featured_media":12266,"template":"","meta":[],"product_cat":[225,169],"product_tag":[],"_links":{"self":[{"href":"https:\/\/www.xiaomistoreks.com\/en\/wp-json\/wp\/v2\/product\/12265"}],"collection":[{"href":"https:\/\/www.xiaomistoreks.com\/en\/wp-json\/wp\/v2\/product"}],"about":[{"href":"https:\/\/www.xiaomistoreks.com\/en\/wp-json\/wp\/v2\/types\/product"}],"version-history":[{"count":3,"href":"https:\/\/www.xiaomistoreks.com\/en\/wp-json\/wp\/v2\/product\/12265\/revisions"}],"predecessor-version":[{"id":20851,"href":"https:\/\/www.xiaomistoreks.com\/en\/wp-json\/wp\/v2\/product\/12265\/revisions\/20851"}],"wp:featuredmedia":[{"embeddable":true,"href":"https:\/\/www.xiaomistoreks.com\/en\/wp-json\/wp\/v2\/media\/12266"}],"wp:attachment":[{"href":"https:\/\/www.xiaomistoreks.com\/en\/wp-json\/wp\/v2\/media?parent=12265"}],"wp:term":[{"taxonomy":"product_cat","embeddable":true,"href":"https:\/\/www.xiaomistoreks.com\/en\/wp-json\/wp\/v2\/product_cat?post=12265"},{"taxonomy":"product_tag","embeddable":true,"href":"https:\/\/www.xiaomistoreks.com\/en\/wp-json\/wp\/v2\/product_tag?post=12265"}],"curies":[{"name":"wp","href":"https:\/\/api.w.org\/{rel}","templated":true}]}}