{"id":12227,"date":"2023-05-17T22:52:12","date_gmt":"2023-05-17T22:52:12","guid":{"rendered":"https:\/\/www.xiaomistoreks.com\/?post_type=product&#038;p=12227"},"modified":"2026-04-29T07:49:47","modified_gmt":"2026-04-29T07:49:47","slug":"xiaomi-grooming-kit-pro","status":"publish","type":"product","link":"https:\/\/www.xiaomistoreks.com\/en\/product\/xiaomi-grooming-kit-pro\/","title":{"rendered":"Xiaomi Grooming Kit Pro"},"content":{"rendered":"<p><a href=\"https:\/\/www.xiaomistoreks.com\/wp-content\/uploads\/2023\/05\/27d10d11861d89682ee6dece3efca00d.webp\"><img fetchpriority=\"high\" decoding=\"async\" class=\"alignnone size-full wp-image-12228\" src=\"https:\/\/www.xiaomistoreks.com\/wp-content\/uploads\/2023\/05\/27d10d11861d89682ee6dece3efca00d.webp\" alt=\"\" width=\"2560\" height=\"1700\" \/><\/a><\/p>\n<p><a href=\"https:\/\/www.xiaomistoreks.com\/wp-content\/uploads\/2023\/05\/g1.jpg\"><img decoding=\"async\" class=\"alignnone size-full wp-image-12229\" src=\"https:\/\/www.xiaomistoreks.com\/wp-content\/uploads\/2023\/05\/g1.jpg\" alt=\"\" width=\"2142\" height=\"826\" \/><\/a><\/p>\n<p><a href=\"https:\/\/www.xiaomistoreks.com\/wp-content\/uploads\/2023\/05\/g2.jpg\"><img decoding=\"async\" class=\"alignnone size-full wp-image-12230\" src=\"https:\/\/www.xiaomistoreks.com\/wp-content\/uploads\/2023\/05\/g2.jpg\" alt=\"\" width=\"2151\" height=\"863\" \/><\/a><\/p>\n<p><a href=\"https:\/\/www.xiaomistoreks.com\/wp-content\/uploads\/2023\/05\/g3.jpg\"><img loading=\"lazy\" decoding=\"async\" class=\"alignnone size-full wp-image-12231\" src=\"https:\/\/www.xiaomistoreks.com\/wp-content\/uploads\/2023\/05\/g3.jpg\" alt=\"\" width=\"2138\" height=\"1007\" \/><\/a><\/p>\n<p><a href=\"https:\/\/www.xiaomistoreks.com\/wp-content\/uploads\/2023\/05\/g4.jpg\"><img loading=\"lazy\" decoding=\"async\" class=\"alignnone size-full wp-image-12232\" src=\"https:\/\/www.xiaomistoreks.com\/wp-content\/uploads\/2023\/05\/g4.jpg\" alt=\"\" width=\"2156\" height=\"1156\" \/><\/a><\/p>\n<p><a href=\"https:\/\/www.xiaomistoreks.com\/wp-content\/uploads\/2023\/05\/g5.jpg\"><img loading=\"lazy\" decoding=\"async\" class=\"alignnone size-full wp-image-12233\" src=\"https:\/\/www.xiaomistoreks.com\/wp-content\/uploads\/2023\/05\/g5.jpg\" alt=\"\" width=\"2157\" height=\"1035\" \/><\/a><\/p>\n<p><a href=\"https:\/\/www.xiaomistoreks.com\/wp-content\/uploads\/2023\/05\/g6.jpg\"><img loading=\"lazy\" decoding=\"async\" class=\"alignnone size-full wp-image-12234\" src=\"https:\/\/www.xiaomistoreks.com\/wp-content\/uploads\/2023\/05\/g6.jpg\" alt=\"\" width=\"2154\" height=\"770\" \/><\/a><\/p>\n","protected":false},"excerpt":{"rendered":"<p>Performanca e jasht\u00ebzakonshme, besimi dhe qet\u00ebsia gjat\u00eb gjith\u00eb dit\u00ebs nis me detajet e vogla n\u00eb m\u00ebngjes. Makin\u00eb rroje nga Xiaomi. \u00cbsht\u00eb kundra ujit dhe ka jet\u00ebgjat\u00ebsi baterie deri n\u00eb 90 minuta p\u00ebrdorimi. E p\u00ebrb\u00ebr\u00eb nga nj\u00eb drit\u00eb LED dhe me nj\u00eb port\u00eb karikimi Type- C. \u00cbsht\u00eb e p\u00ebrb\u00ebr\u00eb nga 4 koka t\u00eb l\u00ebvizshme. Nj\u00eb p\u00ebrvoj\u00eb kujdesi me aksesor\u00eb t\u00eb shumt\u00eb q\u00eb ju ndihmojn\u00eb t\u00eb formoni zgjedhjen tuaj.<\/p>\n","protected":false},"featured_media":12236,"template":"","meta":[],"product_cat":[193,169],"product_tag":[],"_links":{"self":[{"href":"https:\/\/www.xiaomistoreks.com\/en\/wp-json\/wp\/v2\/product\/12227"}],"collection":[{"href":"https:\/\/www.xiaomistoreks.com\/en\/wp-json\/wp\/v2\/product"}],"about":[{"href":"https:\/\/www.xiaomistoreks.com\/en\/wp-json\/wp\/v2\/types\/product"}],"version-history":[{"count":3,"href":"https:\/\/www.xiaomistoreks.com\/en\/wp-json\/wp\/v2\/product\/12227\/revisions"}],"predecessor-version":[{"id":17613,"href":"https:\/\/www.xiaomistoreks.com\/en\/wp-json\/wp\/v2\/product\/12227\/revisions\/17613"}],"wp:featuredmedia":[{"embeddable":true,"href":"https:\/\/www.xiaomistoreks.com\/en\/wp-json\/wp\/v2\/media\/12236"}],"wp:attachment":[{"href":"https:\/\/www.xiaomistoreks.com\/en\/wp-json\/wp\/v2\/media?parent=12227"}],"wp:term":[{"taxonomy":"product_cat","embeddable":true,"href":"https:\/\/www.xiaomistoreks.com\/en\/wp-json\/wp\/v2\/product_cat?post=12227"},{"taxonomy":"product_tag","embeddable":true,"href":"https:\/\/www.xiaomistoreks.com\/en\/wp-json\/wp\/v2\/product_tag?post=12227"}],"curies":[{"name":"wp","href":"https:\/\/api.w.org\/{rel}","templated":true}]}}