{"id":12215,"date":"2023-05-17T22:37:42","date_gmt":"2023-05-17T22:37:42","guid":{"rendered":"https:\/\/www.xiaomistoreks.com\/?post_type=product&#038;p=12215"},"modified":"2026-04-19T07:26:59","modified_gmt":"2026-04-19T07:26:59","slug":"12215","status":"publish","type":"product","link":"https:\/\/www.xiaomistoreks.com\/en\/product\/12215\/","title":{"rendered":"Xiaomi 6A Type-A Type-C"},"content":{"rendered":"<p><a href=\"https:\/\/www.xiaomistoreks.com\/wp-content\/uploads\/2023\/05\/c.jpg\"><img fetchpriority=\"high\" decoding=\"async\" class=\"alignnone size-full wp-image-12216\" src=\"https:\/\/www.xiaomistoreks.com\/wp-content\/uploads\/2023\/05\/c.jpg\" alt=\"\" width=\"1860\" height=\"939\" \/><\/a><\/p>\n","protected":false},"excerpt":{"rendered":"<div class=\"woocommerce-product-details__short-description\">\n<p>Kabllo Type-A n\u00eb Type-C. Ka nj\u00eb gjat\u00ebsi prej 100 centimetrash dhe ju ofron kalim t\u00eb shpejt\u00eb dhe shum\u00eb t\u00eb sigurt t\u00eb t\u00eb dh\u00ebnave. Suporton karikim t\u00eb shpejt\u00eb dhe \u00ebsht\u00eb i p\u00ebrshtatsh\u00ebm p\u00ebr nj shumllojshm\u00ebri pajisjesh si laptop, table, celular\u00eb etj<\/p>\n<\/div>\n","protected":false},"featured_media":12217,"template":"","meta":[],"product_cat":[171,172,177],"product_tag":[],"_links":{"self":[{"href":"https:\/\/www.xiaomistoreks.com\/en\/wp-json\/wp\/v2\/product\/12215"}],"collection":[{"href":"https:\/\/www.xiaomistoreks.com\/en\/wp-json\/wp\/v2\/product"}],"about":[{"href":"https:\/\/www.xiaomistoreks.com\/en\/wp-json\/wp\/v2\/types\/product"}],"version-history":[{"count":3,"href":"https:\/\/www.xiaomistoreks.com\/en\/wp-json\/wp\/v2\/product\/12215\/revisions"}],"predecessor-version":[{"id":22569,"href":"https:\/\/www.xiaomistoreks.com\/en\/wp-json\/wp\/v2\/product\/12215\/revisions\/22569"}],"wp:featuredmedia":[{"embeddable":true,"href":"https:\/\/www.xiaomistoreks.com\/en\/wp-json\/wp\/v2\/media\/12217"}],"wp:attachment":[{"href":"https:\/\/www.xiaomistoreks.com\/en\/wp-json\/wp\/v2\/media?parent=12215"}],"wp:term":[{"taxonomy":"product_cat","embeddable":true,"href":"https:\/\/www.xiaomistoreks.com\/en\/wp-json\/wp\/v2\/product_cat?post=12215"},{"taxonomy":"product_tag","embeddable":true,"href":"https:\/\/www.xiaomistoreks.com\/en\/wp-json\/wp\/v2\/product_tag?post=12215"}],"curies":[{"name":"wp","href":"https:\/\/api.w.org\/{rel}","templated":true}]}}