{"id":12022,"date":"2023-04-25T23:17:08","date_gmt":"2023-04-25T23:17:08","guid":{"rendered":"https:\/\/www.xiaomistoreks.com\/?post_type=product&#038;p=12022"},"modified":"2026-03-06T00:32:18","modified_gmt":"2026-03-06T00:32:18","slug":"xiaomi-mi-4k-monitor-27","status":"publish","type":"product","link":"https:\/\/www.xiaomistoreks.com\/en\/product\/xiaomi-mi-4k-monitor-27\/","title":{"rendered":"Xiaomi Mi 4K Monitor 27"},"content":{"rendered":"<p><a href=\"https:\/\/www.xiaomistoreks.com\/wp-content\/uploads\/2023\/04\/4k.jpg\"><img fetchpriority=\"high\" decoding=\"async\" src=\"https:\/\/www.xiaomistoreks.com\/wp-content\/uploads\/2023\/04\/4k.jpg\" alt=\"\" width=\"1675\" height=\"893\" class=\"alignnone size-full wp-image-12023\" \/><\/a><\/p>\n<p><a href=\"https:\/\/www.xiaomistoreks.com\/wp-content\/uploads\/2023\/04\/4k1.jpg\"><img decoding=\"async\" src=\"https:\/\/www.xiaomistoreks.com\/wp-content\/uploads\/2023\/04\/4k1.jpg\" alt=\"\" width=\"1510\" height=\"865\" class=\"alignnone size-full wp-image-12024\" \/><\/a><\/p>\n<p><a href=\"https:\/\/www.xiaomistoreks.com\/wp-content\/uploads\/2023\/04\/4k2.jpg\"><img decoding=\"async\" src=\"https:\/\/www.xiaomistoreks.com\/wp-content\/uploads\/2023\/04\/4k2.jpg\" alt=\"\" width=\"1622\" height=\"1002\" class=\"alignnone size-full wp-image-12025\" \/><\/a><\/p>\n<p><a href=\"https:\/\/www.xiaomistoreks.com\/wp-content\/uploads\/2023\/04\/4k3.jpg\"><img loading=\"lazy\" decoding=\"async\" src=\"https:\/\/www.xiaomistoreks.com\/wp-content\/uploads\/2023\/04\/4k3.jpg\" alt=\"\" width=\"1674\" height=\"1198\" class=\"alignnone size-full wp-image-12026\" \/><\/a><\/p>\n","protected":false},"excerpt":{"rendered":"<p>Monitori Xiaomi 4K 27&#8243; \u00ebsht\u00eb p\u00ebr ata q\u00eb kan\u00eb nevoj\u00eb p\u00ebr nj\u00eb ekran t\u00eb standardeve m\u00eb t\u00eb larta profesionale dhe \u00ebsht\u00eb i p\u00ebrsosur. Ekrani me rezolucion t\u00eb lart\u00eb me panelin IPS ka nj\u00eb rezolucion prej 3840 x 2160 piksel\u00eb, t\u00eb njohur m\u00eb mir\u00eb si 4K.<\/p>\n","protected":false},"featured_media":12027,"template":"","meta":[],"product_cat":[235,204],"product_tag":[],"_links":{"self":[{"href":"https:\/\/www.xiaomistoreks.com\/en\/wp-json\/wp\/v2\/product\/12022"}],"collection":[{"href":"https:\/\/www.xiaomistoreks.com\/en\/wp-json\/wp\/v2\/product"}],"about":[{"href":"https:\/\/www.xiaomistoreks.com\/en\/wp-json\/wp\/v2\/types\/product"}],"version-history":[{"count":1,"href":"https:\/\/www.xiaomistoreks.com\/en\/wp-json\/wp\/v2\/product\/12022\/revisions"}],"predecessor-version":[{"id":12030,"href":"https:\/\/www.xiaomistoreks.com\/en\/wp-json\/wp\/v2\/product\/12022\/revisions\/12030"}],"wp:featuredmedia":[{"embeddable":true,"href":"https:\/\/www.xiaomistoreks.com\/en\/wp-json\/wp\/v2\/media\/12027"}],"wp:attachment":[{"href":"https:\/\/www.xiaomistoreks.com\/en\/wp-json\/wp\/v2\/media?parent=12022"}],"wp:term":[{"taxonomy":"product_cat","embeddable":true,"href":"https:\/\/www.xiaomistoreks.com\/en\/wp-json\/wp\/v2\/product_cat?post=12022"},{"taxonomy":"product_tag","embeddable":true,"href":"https:\/\/www.xiaomistoreks.com\/en\/wp-json\/wp\/v2\/product_tag?post=12022"}],"curies":[{"name":"wp","href":"https:\/\/api.w.org\/{rel}","templated":true}]}}