{"id":11779,"date":"2023-04-07T18:34:19","date_gmt":"2023-04-07T18:34:19","guid":{"rendered":"https:\/\/www.xiaomistoreks.com\/?post_type=product&#038;p=11779"},"modified":"2026-03-06T00:32:17","modified_gmt":"2026-03-06T00:32:17","slug":"xiaomi-humidifier-2-lite","status":"publish","type":"product","link":"https:\/\/www.xiaomistoreks.com\/en\/product\/xiaomi-humidifier-2-lite\/","title":{"rendered":"Xiaomi Humidifier 2 Lite"},"content":{"rendered":"<p><a href=\"https:\/\/www.xiaomistoreks.com\/wp-content\/uploads\/2023\/04\/hl.jpg\"><img fetchpriority=\"high\" decoding=\"async\" class=\"alignnone size-full wp-image-11780\" src=\"https:\/\/www.xiaomistoreks.com\/wp-content\/uploads\/2023\/04\/hl.jpg\" alt=\"\" width=\"2367\" height=\"1189\" \/><\/a><\/p>\n<p><a href=\"https:\/\/www.xiaomistoreks.com\/wp-content\/uploads\/2023\/04\/hl1.jpg\"><img decoding=\"async\" class=\"alignnone size-full wp-image-11781\" src=\"https:\/\/www.xiaomistoreks.com\/wp-content\/uploads\/2023\/04\/hl1.jpg\" alt=\"\" width=\"1935\" height=\"1143\" \/><\/a><\/p>\n<p><a href=\"https:\/\/www.xiaomistoreks.com\/wp-content\/uploads\/2023\/04\/hl2.jpg\"><img decoding=\"async\" class=\"alignnone size-full wp-image-11782\" src=\"https:\/\/www.xiaomistoreks.com\/wp-content\/uploads\/2023\/04\/hl2.jpg\" alt=\"\" width=\"2159\" height=\"1199\" \/><\/a><\/p>\n<p><a href=\"https:\/\/www.xiaomistoreks.com\/wp-content\/uploads\/2023\/04\/hl3.jpg\"><img loading=\"lazy\" decoding=\"async\" class=\"alignnone size-full wp-image-11783\" src=\"https:\/\/www.xiaomistoreks.com\/wp-content\/uploads\/2023\/04\/hl3.jpg\" alt=\"\" width=\"2151\" height=\"1208\" \/><\/a><\/p>\n","protected":false},"excerpt":{"rendered":"<p>Pavar\u00ebsisht n\u00ebse po k\u00ebrkoni t\u00eb p\u00ebrmir\u00ebsoni cil\u00ebsin\u00eb e ajrit t\u00eb brendsh\u00ebm ose thjesht d\u00ebshironi t\u00eb q\u00ebndroni rehat gjat\u00eb muajve t\u00eb that\u00eb t\u00eb dimrit, Humidifier 2 Lite i Xiaomi \u00ebsht\u00eb zgjidhja perfekte.<\/p>\n","protected":false},"featured_media":11784,"template":"","meta":[],"product_cat":[193,236,377,169],"product_tag":[],"_links":{"self":[{"href":"https:\/\/www.xiaomistoreks.com\/en\/wp-json\/wp\/v2\/product\/11779"}],"collection":[{"href":"https:\/\/www.xiaomistoreks.com\/en\/wp-json\/wp\/v2\/product"}],"about":[{"href":"https:\/\/www.xiaomistoreks.com\/en\/wp-json\/wp\/v2\/types\/product"}],"version-history":[{"count":3,"href":"https:\/\/www.xiaomistoreks.com\/en\/wp-json\/wp\/v2\/product\/11779\/revisions"}],"predecessor-version":[{"id":15001,"href":"https:\/\/www.xiaomistoreks.com\/en\/wp-json\/wp\/v2\/product\/11779\/revisions\/15001"}],"wp:featuredmedia":[{"embeddable":true,"href":"https:\/\/www.xiaomistoreks.com\/en\/wp-json\/wp\/v2\/media\/11784"}],"wp:attachment":[{"href":"https:\/\/www.xiaomistoreks.com\/en\/wp-json\/wp\/v2\/media?parent=11779"}],"wp:term":[{"taxonomy":"product_cat","embeddable":true,"href":"https:\/\/www.xiaomistoreks.com\/en\/wp-json\/wp\/v2\/product_cat?post=11779"},{"taxonomy":"product_tag","embeddable":true,"href":"https:\/\/www.xiaomistoreks.com\/en\/wp-json\/wp\/v2\/product_tag?post=11779"}],"curies":[{"name":"wp","href":"https:\/\/api.w.org\/{rel}","templated":true}]}}