{"id":11721,"date":"2023-04-07T18:03:43","date_gmt":"2023-04-07T18:03:43","guid":{"rendered":"https:\/\/www.xiaomistoreks.com\/?post_type=product&#038;p=11721"},"modified":"2026-03-06T00:32:14","modified_gmt":"2026-03-06T00:32:14","slug":"xiaomi-robot-vacuum-x10","status":"publish","type":"product","link":"https:\/\/www.xiaomistoreks.com\/en\/product\/xiaomi-robot-vacuum-x10\/","title":{"rendered":"Xiaomi Robot Vacuum X10+"},"content":{"rendered":"<p><a href=\"https:\/\/www.xiaomistoreks.com\/wp-content\/uploads\/2023\/04\/x10.jpg\"><img fetchpriority=\"high\" decoding=\"async\" class=\"alignnone size-full wp-image-11722\" src=\"https:\/\/www.xiaomistoreks.com\/wp-content\/uploads\/2023\/04\/x10.jpg\" alt=\"\" width=\"2432\" height=\"1125\" \/><\/a> <a href=\"https:\/\/www.xiaomistoreks.com\/wp-content\/uploads\/2023\/04\/x101.jpg\"><img decoding=\"async\" class=\"alignnone size-full wp-image-11723\" src=\"https:\/\/www.xiaomistoreks.com\/wp-content\/uploads\/2023\/04\/x101.jpg\" alt=\"\" width=\"1911\" height=\"891\" \/><\/a> <a href=\"https:\/\/www.xiaomistoreks.com\/wp-content\/uploads\/2023\/04\/x102.jpg\"><img decoding=\"async\" class=\"alignnone size-full wp-image-11724\" src=\"https:\/\/www.xiaomistoreks.com\/wp-content\/uploads\/2023\/04\/x102.jpg\" alt=\"\" width=\"2167\" height=\"1254\" \/><\/a> <a href=\"https:\/\/www.xiaomistoreks.com\/wp-content\/uploads\/2023\/04\/x103.jpg\"><img loading=\"lazy\" decoding=\"async\" class=\"alignnone size-full wp-image-11725\" src=\"https:\/\/www.xiaomistoreks.com\/wp-content\/uploads\/2023\/04\/x103.jpg\" alt=\"\" width=\"2166\" height=\"1236\" \/><\/a> <a href=\"https:\/\/www.xiaomistoreks.com\/wp-content\/uploads\/2023\/04\/x104.jpg\"><img loading=\"lazy\" decoding=\"async\" class=\"alignnone size-full wp-image-11726\" src=\"https:\/\/www.xiaomistoreks.com\/wp-content\/uploads\/2023\/04\/x104.jpg\" alt=\"\" width=\"1940\" height=\"1271\" \/><\/a> <a href=\"https:\/\/www.xiaomistoreks.com\/wp-content\/uploads\/2023\/04\/x105.jpg\"><img loading=\"lazy\" decoding=\"async\" class=\"alignnone size-full wp-image-11727\" src=\"https:\/\/www.xiaomistoreks.com\/wp-content\/uploads\/2023\/04\/x105.jpg\" alt=\"\" width=\"2174\" height=\"1222\" \/><\/a> <a href=\"https:\/\/www.xiaomistoreks.com\/wp-content\/uploads\/2023\/04\/x106.jpg\"><img loading=\"lazy\" decoding=\"async\" class=\"alignnone size-full wp-image-11728\" src=\"https:\/\/www.xiaomistoreks.com\/wp-content\/uploads\/2023\/04\/x106.jpg\" alt=\"\" width=\"1863\" height=\"1101\" \/><\/a><\/p>\n","protected":false},"excerpt":{"rendered":"<p>Stacioni inteligjent t\u00eb gjitha-n\u00eb-nj\u00eb plot\u00ebsisht automatike mb\u00ebshtet funksione shum\u00ebdimensionale si grumbullimi automatik i pluhurit, larja e n\u00ebnshtres\u00ebs, tharja e ngroht\u00eb dhe rimbushja. Frekuenca e grumbullimit t\u00eb pluhurit dhe m\u00ebnyrat e pastrimit mund t\u00eb rregullohen gjithashtu p\u00ebr p\u00ebrdorim plot\u00ebsisht pa duar. Thithje + Fshirje + Larje e dyfisht\u00eb + Tharje<\/p>\n","protected":false},"featured_media":11729,"template":"","meta":[],"product_cat":[225,169],"product_tag":[],"_links":{"self":[{"href":"https:\/\/www.xiaomistoreks.com\/en\/wp-json\/wp\/v2\/product\/11721"}],"collection":[{"href":"https:\/\/www.xiaomistoreks.com\/en\/wp-json\/wp\/v2\/product"}],"about":[{"href":"https:\/\/www.xiaomistoreks.com\/en\/wp-json\/wp\/v2\/types\/product"}],"version-history":[{"count":2,"href":"https:\/\/www.xiaomistoreks.com\/en\/wp-json\/wp\/v2\/product\/11721\/revisions"}],"predecessor-version":[{"id":14047,"href":"https:\/\/www.xiaomistoreks.com\/en\/wp-json\/wp\/v2\/product\/11721\/revisions\/14047"}],"wp:featuredmedia":[{"embeddable":true,"href":"https:\/\/www.xiaomistoreks.com\/en\/wp-json\/wp\/v2\/media\/11729"}],"wp:attachment":[{"href":"https:\/\/www.xiaomistoreks.com\/en\/wp-json\/wp\/v2\/media?parent=11721"}],"wp:term":[{"taxonomy":"product_cat","embeddable":true,"href":"https:\/\/www.xiaomistoreks.com\/en\/wp-json\/wp\/v2\/product_cat?post=11721"},{"taxonomy":"product_tag","embeddable":true,"href":"https:\/\/www.xiaomistoreks.com\/en\/wp-json\/wp\/v2\/product_tag?post=11721"}],"curies":[{"name":"wp","href":"https:\/\/api.w.org\/{rel}","templated":true}]}}