{"id":10342,"date":"2023-03-05T01:41:33","date_gmt":"2023-03-05T01:41:33","guid":{"rendered":"http:\/\/www.xiaomistoreks.com\/?post_type=product&#038;p=10342"},"modified":"2026-03-06T00:32:14","modified_gmt":"2026-03-06T00:32:14","slug":"xiaomi-mi-outdoor-camera-aw200","status":"publish","type":"product","link":"https:\/\/www.xiaomistoreks.com\/en\/product\/xiaomi-mi-outdoor-camera-aw200\/","title":{"rendered":"Xiaomi Mi Outdoor Camera AW200"},"content":{"rendered":"<p><a href=\"https:\/\/www.xiaomistoreks.com\/wp-content\/uploads\/2023\/03\/aw200.jpg\"><img fetchpriority=\"high\" decoding=\"async\" class=\"alignnone size-full wp-image-10789\" src=\"https:\/\/www.xiaomistoreks.com\/wp-content\/uploads\/2023\/03\/aw200.jpg\" alt=\"\" width=\"2031\" height=\"1096\" \/><\/a> <a href=\"https:\/\/www.xiaomistoreks.com\/wp-content\/uploads\/2023\/03\/aw200_.jpg\"><img decoding=\"async\" class=\"alignnone size-full wp-image-10790\" src=\"https:\/\/www.xiaomistoreks.com\/wp-content\/uploads\/2023\/03\/aw200_.jpg\" alt=\"\" width=\"2033\" height=\"1162\" \/><\/a> <a href=\"https:\/\/www.xiaomistoreks.com\/wp-content\/uploads\/2023\/03\/aw200_1.jpg\"><img decoding=\"async\" class=\"alignnone size-full wp-image-10791\" src=\"https:\/\/www.xiaomistoreks.com\/wp-content\/uploads\/2023\/03\/aw200_1.jpg\" alt=\"\" width=\"2030\" height=\"1141\" \/><\/a> <a href=\"https:\/\/www.xiaomistoreks.com\/wp-content\/uploads\/2023\/03\/aw200_2.jpg\"><img loading=\"lazy\" decoding=\"async\" class=\"alignnone size-full wp-image-10792\" src=\"https:\/\/www.xiaomistoreks.com\/wp-content\/uploads\/2023\/03\/aw200_2.jpg\" alt=\"\" width=\"2032\" height=\"1029\" \/><\/a> <a href=\"https:\/\/www.xiaomistoreks.com\/wp-content\/uploads\/2023\/03\/aw200_3.jpg\"><img loading=\"lazy\" decoding=\"async\" class=\"alignnone size-full wp-image-10793\" src=\"https:\/\/www.xiaomistoreks.com\/wp-content\/uploads\/2023\/03\/aw200_3.jpg\" alt=\"\" width=\"2030\" height=\"775\" \/><\/a><\/p>\n","protected":false},"excerpt":{"rendered":"<p>Kamera e jashtme Xiaomi AW200 &#8211; kamera e jashtme inteligjente FullHD, vizion nate me ngjyra, komunikim zanor i dyansh\u00ebm, zbulimi i l\u00ebvizjes me AI zbulon njer\u00ebzit dhe eliminon alarmet e rreme, egjistrimi mund t\u00eb ruhet n\u00eb nj\u00eb kart\u00eb microSD ose Xiaomi Cloud, i mbrojtur nga nj\u00eb \u00e7el\u00ebs privat dhe komunikim i garantuar i sigurt.<\/p>\n","protected":false},"featured_media":9762,"template":"","meta":[],"product_cat":[214],"product_tag":[],"_links":{"self":[{"href":"https:\/\/www.xiaomistoreks.com\/en\/wp-json\/wp\/v2\/product\/10342"}],"collection":[{"href":"https:\/\/www.xiaomistoreks.com\/en\/wp-json\/wp\/v2\/product"}],"about":[{"href":"https:\/\/www.xiaomistoreks.com\/en\/wp-json\/wp\/v2\/types\/product"}],"version-history":[{"count":2,"href":"https:\/\/www.xiaomistoreks.com\/en\/wp-json\/wp\/v2\/product\/10342\/revisions"}],"predecessor-version":[{"id":10794,"href":"https:\/\/www.xiaomistoreks.com\/en\/wp-json\/wp\/v2\/product\/10342\/revisions\/10794"}],"wp:featuredmedia":[{"embeddable":true,"href":"https:\/\/www.xiaomistoreks.com\/en\/wp-json\/wp\/v2\/media\/9762"}],"wp:attachment":[{"href":"https:\/\/www.xiaomistoreks.com\/en\/wp-json\/wp\/v2\/media?parent=10342"}],"wp:term":[{"taxonomy":"product_cat","embeddable":true,"href":"https:\/\/www.xiaomistoreks.com\/en\/wp-json\/wp\/v2\/product_cat?post=10342"},{"taxonomy":"product_tag","embeddable":true,"href":"https:\/\/www.xiaomistoreks.com\/en\/wp-json\/wp\/v2\/product_tag?post=10342"}],"curies":[{"name":"wp","href":"https:\/\/api.w.org\/{rel}","templated":true}]}}