{"id":10336,"date":"2023-03-05T01:41:33","date_gmt":"2023-03-05T01:41:33","guid":{"rendered":"http:\/\/www.xiaomistoreks.com\/?post_type=product&#038;p=10336"},"modified":"2026-03-06T00:33:11","modified_gmt":"2026-03-06T00:33:11","slug":"xiaomi-33w-power-bank-10000mah-pocket-edition-pro","status":"publish","type":"product","link":"https:\/\/www.xiaomistoreks.com\/en\/product\/xiaomi-33w-power-bank-10000mah-pocket-edition-pro\/","title":{"rendered":"Xiaomi 33W Power Bank 10000mAh Pocket Edition Pro"},"content":{"rendered":"<p><a href=\"https:\/\/www.xiaomistoreks.com\/wp-content\/uploads\/2023\/03\/pocketedition.jpg\"><img fetchpriority=\"high\" decoding=\"async\" class=\"alignnone size-full wp-image-10784\" src=\"https:\/\/www.xiaomistoreks.com\/wp-content\/uploads\/2023\/03\/pocketedition.jpg\" alt=\"\" width=\"2046\" height=\"1050\" \/><\/a> <a href=\"https:\/\/www.xiaomistoreks.com\/wp-content\/uploads\/2023\/03\/pocketedition_1.jpg\"><img decoding=\"async\" class=\"alignnone size-full wp-image-10785\" src=\"https:\/\/www.xiaomistoreks.com\/wp-content\/uploads\/2023\/03\/pocketedition_1.jpg\" alt=\"\" width=\"2036\" height=\"603\" \/><\/a> <a href=\"https:\/\/www.xiaomistoreks.com\/wp-content\/uploads\/2023\/03\/pocketedition_2.jpg\"><img decoding=\"async\" class=\"alignnone size-full wp-image-10786\" src=\"https:\/\/www.xiaomistoreks.com\/wp-content\/uploads\/2023\/03\/pocketedition_2.jpg\" alt=\"\" width=\"2033\" height=\"1137\" \/><\/a><\/p>\n","protected":false},"excerpt":{"rendered":"<p><b>Xiaomi Power Bank 33W 10000mAh Pocket Edition Pro &#8211;\u00a0<\/b> e leht\u00eb me karikim t\u00eb shpejt\u00eb 33W.\u00a0Kapaciteti 10000 mAh, 1x USB-A dhe 1x USB-C lidh\u00ebs dydrejtim\u00ebsh, mund\u00ebsi p\u00ebr t\u00eb karikuar 2 pajisje n\u00eb t\u00eb nj\u00ebjt\u00ebn koh\u00eb.\u00a0\u00c7ip inteligjent identifikimi i integruar p\u00ebr p\u00ebrputhjen automatike t\u00eb rrym\u00ebs s\u00eb daljes me rrym\u00ebn e funksionimit t\u00eb llojeve t\u00eb ndryshme t\u00eb pajisjeve &#8211; prandaj \u00ebsht\u00eb i p\u00ebrshtatsh\u00ebm p\u00ebr pajisje t\u00eb ndryshme (telefon\u00eb, laptop\u00eb, konzola loj\u00ebrash&#8230;).\u00a0Mbrojtje nga mbitensioni dhe mbinxehja.\u00a0Paketa p\u00ebrfshin gjithashtu nj\u00eb kabllo karikimi me nj\u00eb lidh\u00ebs USB-C n\u00eb USB-C me reduktim n\u00eb USB-A.<\/p>\n","protected":false},"featured_media":15150,"template":"","meta":[],"product_cat":[171,218],"product_tag":[],"_links":{"self":[{"href":"https:\/\/www.xiaomistoreks.com\/en\/wp-json\/wp\/v2\/product\/10336"}],"collection":[{"href":"https:\/\/www.xiaomistoreks.com\/en\/wp-json\/wp\/v2\/product"}],"about":[{"href":"https:\/\/www.xiaomistoreks.com\/en\/wp-json\/wp\/v2\/types\/product"}],"version-history":[{"count":3,"href":"https:\/\/www.xiaomistoreks.com\/en\/wp-json\/wp\/v2\/product\/10336\/revisions"}],"predecessor-version":[{"id":15149,"href":"https:\/\/www.xiaomistoreks.com\/en\/wp-json\/wp\/v2\/product\/10336\/revisions\/15149"}],"wp:featuredmedia":[{"embeddable":true,"href":"https:\/\/www.xiaomistoreks.com\/en\/wp-json\/wp\/v2\/media\/15150"}],"wp:attachment":[{"href":"https:\/\/www.xiaomistoreks.com\/en\/wp-json\/wp\/v2\/media?parent=10336"}],"wp:term":[{"taxonomy":"product_cat","embeddable":true,"href":"https:\/\/www.xiaomistoreks.com\/en\/wp-json\/wp\/v2\/product_cat?post=10336"},{"taxonomy":"product_tag","embeddable":true,"href":"https:\/\/www.xiaomistoreks.com\/en\/wp-json\/wp\/v2\/product_tag?post=10336"}],"curies":[{"name":"wp","href":"https:\/\/api.w.org\/{rel}","templated":true}]}}