{"id":10334,"date":"2023-03-05T01:41:33","date_gmt":"2023-03-05T01:41:33","guid":{"rendered":"http:\/\/www.xiaomistoreks.com\/?post_type=product&#038;p=10334"},"modified":"2026-03-06T00:32:13","modified_gmt":"2026-03-06T00:32:13","slug":"mi-electric-toothbrush-head-gum-care","status":"publish","type":"product","link":"https:\/\/www.xiaomistoreks.com\/en\/product\/mi-electric-toothbrush-head-gum-care\/","title":{"rendered":"Mi Electric Toothbrush head (Gum Care)"},"content":{"rendered":"<p>Ky grup i kok\u00ebs s\u00eb fur\u00e7\u00ebs 3 cop\u00eb \u00ebsht\u00eb projektuar p\u00ebr fur\u00e7\u00ebn e dh\u00ebmb\u00ebve Xiaomi Mi Home Sonic, e cila ofron rehati optimale me nj\u00eb pastrim v\u00ebrtet t\u00eb thell\u00eb p\u00ebr ju me motorin e tij t\u00eb levitacionit magnetik me efikasitet t\u00eb lart\u00eb dhe fur\u00e7\u00ebn e mbjelljes me densitet t\u00eb lart\u00eb.\u00a0E b\u00ebr\u00eb nga qime premium DuPont amerikane me densitet t\u00eb lart\u00eb, \u00ebsht\u00eb pa metal, pa ndryshk dhe efektiv n\u00eb p\u00ebrdorim.\u00a0Koka e mini fur\u00e7\u00ebs mund t\u00eb pastroj\u00eb thell\u00eb dh\u00ebmb\u00ebt dhe mishrat e dh\u00ebmb\u00ebve, t\u00eb zbardh\u00eb dh\u00ebmb\u00ebt, t\u00eb parandaloj\u00eb prishjen e dh\u00ebmb\u00ebve, t\u00eb largoj\u00eb pllak\u00ebn, njollat \u200b\u200be kafes\u00eb dhe gur\u00ebt.\u00a0<span class=\"goog-text-highlight\">Ju mund t\u00eb p\u00ebrdorni APP-n\u00eb p\u00ebr t\u00eb kontrolluar jet\u00ebgjat\u00ebsin\u00eb e mbetur t\u00eb kokave t\u00eb fur\u00e7ave dhe do t&#8217;ju kujtoj\u00eb ciklin e z\u00ebvend\u00ebsimit n\u00eb 90 dit\u00eb t\u00eb rekomanduara nga dentist\u00ebt.\u00a0<\/span>\u00cbsht\u00eb shum\u00eb e leht\u00eb p\u00ebr t&#8217;u instaluar n\u00eb fur\u00e7\u00eb dh\u00ebmb\u00ebsh, pun\u00eb e rregullt z\u00ebvend\u00ebsuese p\u00ebr larje efikase t\u00eb dh\u00ebmb\u00ebve.<\/p>\n","protected":false},"excerpt":{"rendered":"<div id=\"product-description-short-1186\" class=\"product-description-short\">\n<p><b>Koka e fur\u00e7\u00ebs s\u00eb dh\u00ebmb\u00ebve Mi Electric (Gum Care) &#8211;\u00a0\u00a0<\/b><strong>Koka rezerv\u00eb.\u00a0<\/strong>Tre copa n\u00eb paket\u00eb.\u00a0<span class=\"goog-text-highlight\">Sutjenat DuPont jan\u00eb 40% m\u00eb t\u00eb m\u00ebdha se fur\u00e7at e zakonshme dhe nuk p\u00ebrmbajn\u00eb asnj\u00eb metal.\u00a0<\/span>Versioni i qimeve t\u00eb buta.<\/p>\n<\/div>\n<div class=\"product-actions\">\n<form action=\"https:\/\/xiaomi-store.cz\/en\/cart\" method=\"post\">\n<div class=\"product-variants\"><\/div>\n<div class=\"product-prices\">\n<div class=\"product-price h5 \"><\/div>\n<\/div>\n<\/form>\n<\/div>\n","protected":false},"featured_media":9744,"template":"","meta":[],"product_cat":[193],"product_tag":[],"_links":{"self":[{"href":"https:\/\/www.xiaomistoreks.com\/en\/wp-json\/wp\/v2\/product\/10334"}],"collection":[{"href":"https:\/\/www.xiaomistoreks.com\/en\/wp-json\/wp\/v2\/product"}],"about":[{"href":"https:\/\/www.xiaomistoreks.com\/en\/wp-json\/wp\/v2\/types\/product"}],"version-history":[{"count":3,"href":"https:\/\/www.xiaomistoreks.com\/en\/wp-json\/wp\/v2\/product\/10334\/revisions"}],"predecessor-version":[{"id":15509,"href":"https:\/\/www.xiaomistoreks.com\/en\/wp-json\/wp\/v2\/product\/10334\/revisions\/15509"}],"wp:featuredmedia":[{"embeddable":true,"href":"https:\/\/www.xiaomistoreks.com\/en\/wp-json\/wp\/v2\/media\/9744"}],"wp:attachment":[{"href":"https:\/\/www.xiaomistoreks.com\/en\/wp-json\/wp\/v2\/media?parent=10334"}],"wp:term":[{"taxonomy":"product_cat","embeddable":true,"href":"https:\/\/www.xiaomistoreks.com\/en\/wp-json\/wp\/v2\/product_cat?post=10334"},{"taxonomy":"product_tag","embeddable":true,"href":"https:\/\/www.xiaomistoreks.com\/en\/wp-json\/wp\/v2\/product_tag?post=10334"}],"curies":[{"name":"wp","href":"https:\/\/api.w.org\/{rel}","templated":true}]}}