{"id":10295,"date":"2023-03-05T01:41:26","date_gmt":"2023-03-05T01:41:26","guid":{"rendered":"http:\/\/www.xiaomistoreks.com\/?post_type=product&#038;p=10295"},"modified":"2026-03-06T00:32:11","modified_gmt":"2026-03-06T00:32:11","slug":"xiaomi-truclean-w10-pro-wet-dry-vacuum","status":"publish","type":"product","link":"https:\/\/www.xiaomistoreks.com\/en\/product\/xiaomi-truclean-w10-pro-wet-dry-vacuum\/","title":{"rendered":"Xiaomi Truclean W10 Pro Wet Dry Vacuum"},"content":{"rendered":"<p><a href=\"https:\/\/www.xiaomistoreks.com\/wp-content\/uploads\/2023\/03\/w10-scaled.jpg\"><img fetchpriority=\"high\" decoding=\"async\" class=\"alignnone size-full wp-image-10895\" src=\"https:\/\/www.xiaomistoreks.com\/wp-content\/uploads\/2023\/03\/w10-scaled.jpg\" alt=\"\" width=\"2560\" height=\"1332\" \/><\/a> <a href=\"https:\/\/www.xiaomistoreks.com\/wp-content\/uploads\/2023\/03\/w101-scaled.jpg\"><img decoding=\"async\" class=\"alignnone size-full wp-image-10896\" src=\"https:\/\/www.xiaomistoreks.com\/wp-content\/uploads\/2023\/03\/w101-scaled.jpg\" alt=\"\" width=\"2560\" height=\"1506\" \/><\/a> <a href=\"https:\/\/www.xiaomistoreks.com\/wp-content\/uploads\/2023\/03\/w102-scaled.jpg\"><img decoding=\"async\" class=\"alignnone size-full wp-image-10897\" src=\"https:\/\/www.xiaomistoreks.com\/wp-content\/uploads\/2023\/03\/w102-scaled.jpg\" alt=\"\" width=\"2560\" height=\"1243\" \/><\/a> <a href=\"https:\/\/www.xiaomistoreks.com\/wp-content\/uploads\/2023\/03\/w103-scaled.jpg\"><img loading=\"lazy\" decoding=\"async\" class=\"alignnone size-full wp-image-10898\" src=\"https:\/\/www.xiaomistoreks.com\/wp-content\/uploads\/2023\/03\/w103-scaled.jpg\" alt=\"\" width=\"2560\" height=\"1292\" \/><\/a> <a href=\"https:\/\/www.xiaomistoreks.com\/wp-content\/uploads\/2023\/03\/w104-scaled.jpg\"><img loading=\"lazy\" decoding=\"async\" class=\"alignnone size-full wp-image-10899\" src=\"https:\/\/www.xiaomistoreks.com\/wp-content\/uploads\/2023\/03\/w104-scaled.jpg\" alt=\"\" width=\"2560\" height=\"1249\" \/><\/a> <a href=\"https:\/\/www.xiaomistoreks.com\/wp-content\/uploads\/2023\/03\/w105-scaled.jpg\"><img loading=\"lazy\" decoding=\"async\" class=\"alignnone size-full wp-image-10900\" src=\"https:\/\/www.xiaomistoreks.com\/wp-content\/uploads\/2023\/03\/w105-scaled.jpg\" alt=\"\" width=\"2560\" height=\"1258\" \/><\/a><\/p>\n","protected":false},"excerpt":{"rendered":"<p>Nj\u00eb nivel i ri i pastrimit t\u00eb dyshemes\u00eb. Kombinimi i fshes\u00ebs me korrent, fshirjes dhe fshirjes me fur\u00e7at rul moderne, shum\u00eb efikase. Pastrim i plot\u00eb i dyshemes\u00eb, me nj\u00eb rezervuar t\u00eb ve\u00e7ant\u00eb p\u00ebr uj\u00eb t\u00eb past\u00ebr dhe t\u00eb ndotur. Deri n\u00eb 35 minuta koh\u00eb funksionimi me nj\u00eb karikim t\u00eb vet\u00ebm.<\/p>\n<p>&nbsp;<\/p>\n","protected":false},"featured_media":9688,"template":"","meta":[],"product_cat":[176,225,169],"product_tag":[],"_links":{"self":[{"href":"https:\/\/www.xiaomistoreks.com\/en\/wp-json\/wp\/v2\/product\/10295"}],"collection":[{"href":"https:\/\/www.xiaomistoreks.com\/en\/wp-json\/wp\/v2\/product"}],"about":[{"href":"https:\/\/www.xiaomistoreks.com\/en\/wp-json\/wp\/v2\/types\/product"}],"version-history":[{"count":3,"href":"https:\/\/www.xiaomistoreks.com\/en\/wp-json\/wp\/v2\/product\/10295\/revisions"}],"predecessor-version":[{"id":10902,"href":"https:\/\/www.xiaomistoreks.com\/en\/wp-json\/wp\/v2\/product\/10295\/revisions\/10902"}],"wp:featuredmedia":[{"embeddable":true,"href":"https:\/\/www.xiaomistoreks.com\/en\/wp-json\/wp\/v2\/media\/9688"}],"wp:attachment":[{"href":"https:\/\/www.xiaomistoreks.com\/en\/wp-json\/wp\/v2\/media?parent=10295"}],"wp:term":[{"taxonomy":"product_cat","embeddable":true,"href":"https:\/\/www.xiaomistoreks.com\/en\/wp-json\/wp\/v2\/product_cat?post=10295"},{"taxonomy":"product_tag","embeddable":true,"href":"https:\/\/www.xiaomistoreks.com\/en\/wp-json\/wp\/v2\/product_tag?post=10295"}],"curies":[{"name":"wp","href":"https:\/\/api.w.org\/{rel}","templated":true}]}}