{"id":10255,"date":"2023-03-05T01:41:21","date_gmt":"2023-03-05T01:41:21","guid":{"rendered":"http:\/\/www.xiaomistoreks.com\/?post_type=product&#038;p=10255"},"modified":"2026-05-11T10:11:54","modified_gmt":"2026-05-11T10:11:54","slug":"xiaomi-mi-smart-band-7-strap","status":"publish","type":"product","link":"https:\/\/www.xiaomistoreks.com\/en\/product\/xiaomi-mi-smart-band-7-strap\/","title":{"rendered":"Xiaomi Mi Smart Band 7 Strap"},"content":{"rendered":"<p><span class=\"\">Rryp silikoni z\u00ebvend\u00ebsues origjinal p\u00ebr Xiaomi Smart Band 7. Mb\u00ebrthehet me nj\u00eb kunj, rezistent ndaj g\u00ebrvishtjeve dhe grisjeve. <\/span>Gjat\u00ebsia e rregullueshme 160-224 mm.<\/p>\n<p><strong>I pajtuesh\u00ebm vet\u00ebm me Xiaomi Smart Band 7, nuk p\u00ebrshtatet me modelet m\u00eb t\u00eb vjetra ose modelin Pro.<\/strong><\/p>\n<p>Verejtje: Transporti nuk perfshihet ne qmim.<\/p>\n<p>&nbsp;<\/p>\n","protected":false},"excerpt":{"rendered":"<p><span class=\"\">Rryp silikoni z\u00ebvend\u00ebsues origjinal p\u00ebr Xiaomi Smart Band 7. Mb\u00ebrthehet me nj\u00eb kunj, rezistent ndaj g\u00ebrvishtjeve dhe grisjeve. <\/span>Gjat\u00ebsia e rregullueshme 160-224 mm.<\/p>\n<p><strong>I pajtuesh\u00ebm vet\u00ebm me Xiaomi Smart Band 7, nuk p\u00ebrshtatet me modelet m\u00eb t\u00eb vjetra ose modelin Pro.<\/strong><\/p>\n<p>Verejtje: Transporti nuk perfshihet ne qmim.<\/p>\n<p>&nbsp;<\/p>\n","protected":false},"featured_media":9609,"template":"","meta":[],"product_cat":[171,188,221],"product_tag":[],"_links":{"self":[{"href":"https:\/\/www.xiaomistoreks.com\/en\/wp-json\/wp\/v2\/product\/10255"}],"collection":[{"href":"https:\/\/www.xiaomistoreks.com\/en\/wp-json\/wp\/v2\/product"}],"about":[{"href":"https:\/\/www.xiaomistoreks.com\/en\/wp-json\/wp\/v2\/types\/product"}],"version-history":[{"count":2,"href":"https:\/\/www.xiaomistoreks.com\/en\/wp-json\/wp\/v2\/product\/10255\/revisions"}],"predecessor-version":[{"id":14665,"href":"https:\/\/www.xiaomistoreks.com\/en\/wp-json\/wp\/v2\/product\/10255\/revisions\/14665"}],"wp:featuredmedia":[{"embeddable":true,"href":"https:\/\/www.xiaomistoreks.com\/en\/wp-json\/wp\/v2\/media\/9609"}],"wp:attachment":[{"href":"https:\/\/www.xiaomistoreks.com\/en\/wp-json\/wp\/v2\/media?parent=10255"}],"wp:term":[{"taxonomy":"product_cat","embeddable":true,"href":"https:\/\/www.xiaomistoreks.com\/en\/wp-json\/wp\/v2\/product_cat?post=10255"},{"taxonomy":"product_tag","embeddable":true,"href":"https:\/\/www.xiaomistoreks.com\/en\/wp-json\/wp\/v2\/product_tag?post=10255"}],"curies":[{"name":"wp","href":"https:\/\/api.w.org\/{rel}","templated":true}]}}