{"id":10246,"date":"2023-03-05T01:41:20","date_gmt":"2023-03-05T01:41:20","guid":{"rendered":"http:\/\/www.xiaomistoreks.com\/?post_type=product&#038;p=10246"},"modified":"2026-03-06T00:32:10","modified_gmt":"2026-03-06T00:32:10","slug":"xiaomi-mi-50w-power-bank-20000mah","status":"publish","type":"product","link":"https:\/\/www.xiaomistoreks.com\/en\/product\/xiaomi-mi-50w-power-bank-20000mah\/","title":{"rendered":"Xiaomi Mi 50W Power Bank 20000mAh"},"content":{"rendered":"<p><a href=\"https:\/\/www.xiaomistoreks.com\/wp-content\/uploads\/2023\/03\/50w-scaled.jpg\"><img fetchpriority=\"high\" decoding=\"async\" class=\"alignnone size-full wp-image-10931\" src=\"https:\/\/www.xiaomistoreks.com\/wp-content\/uploads\/2023\/03\/50w-scaled.jpg\" alt=\"\" width=\"2560\" height=\"1227\" \/><\/a> <a href=\"https:\/\/www.xiaomistoreks.com\/wp-content\/uploads\/2023\/03\/50w1-scaled.jpg\"><img decoding=\"async\" class=\"alignnone size-full wp-image-10932\" src=\"https:\/\/www.xiaomistoreks.com\/wp-content\/uploads\/2023\/03\/50w1-scaled.jpg\" alt=\"\" width=\"2560\" height=\"669\" \/><\/a> <a href=\"https:\/\/www.xiaomistoreks.com\/wp-content\/uploads\/2023\/03\/50w2-scaled.jpg\"><img decoding=\"async\" class=\"alignnone size-full wp-image-10933\" src=\"https:\/\/www.xiaomistoreks.com\/wp-content\/uploads\/2023\/03\/50w2-scaled.jpg\" alt=\"\" width=\"2560\" height=\"1216\" \/><\/a><\/p>\n","protected":false},"excerpt":{"rendered":"<p>Kapaciteti 20,000 mAh, porte 2x USB-A (dalje) + 1x USB Type-C (hyrje\/dalje). Mund t\u00eb karikoj\u00eb laptop\u00eb, MacBook, Nintendo Switch, etj. me nj\u00eb dalje deri n\u00eb 50 W p\u00ebrmes USB Type-C. Power Bank mund t\u00eb karikohet me nj\u00eb hyrje deri n\u00eb 45 W n\u00eb vet\u00ebm 4,5 or\u00eb. Mund t\u00eb karikohen deri n\u00eb 3 pajisje nj\u00ebher\u00ebsh. Mb\u00ebshtetje p\u00ebr karikimin e pajisjeve me rrym\u00eb t\u00eb ul\u00ebt (kufje, or\u00eb inteligjente).<\/p>\n","protected":false},"featured_media":9596,"template":"","meta":[],"product_cat":[171,172,176,177,218],"product_tag":[],"_links":{"self":[{"href":"https:\/\/www.xiaomistoreks.com\/en\/wp-json\/wp\/v2\/product\/10246"}],"collection":[{"href":"https:\/\/www.xiaomistoreks.com\/en\/wp-json\/wp\/v2\/product"}],"about":[{"href":"https:\/\/www.xiaomistoreks.com\/en\/wp-json\/wp\/v2\/types\/product"}],"version-history":[{"count":2,"href":"https:\/\/www.xiaomistoreks.com\/en\/wp-json\/wp\/v2\/product\/10246\/revisions"}],"predecessor-version":[{"id":10934,"href":"https:\/\/www.xiaomistoreks.com\/en\/wp-json\/wp\/v2\/product\/10246\/revisions\/10934"}],"wp:featuredmedia":[{"embeddable":true,"href":"https:\/\/www.xiaomistoreks.com\/en\/wp-json\/wp\/v2\/media\/9596"}],"wp:attachment":[{"href":"https:\/\/www.xiaomistoreks.com\/en\/wp-json\/wp\/v2\/media?parent=10246"}],"wp:term":[{"taxonomy":"product_cat","embeddable":true,"href":"https:\/\/www.xiaomistoreks.com\/en\/wp-json\/wp\/v2\/product_cat?post=10246"},{"taxonomy":"product_tag","embeddable":true,"href":"https:\/\/www.xiaomistoreks.com\/en\/wp-json\/wp\/v2\/product_tag?post=10246"}],"curies":[{"name":"wp","href":"https:\/\/api.w.org\/{rel}","templated":true}]}}