{"id":10211,"date":"2023-03-05T01:41:16","date_gmt":"2023-03-05T01:41:16","guid":{"rendered":"http:\/\/www.xiaomistoreks.com\/?post_type=product&#038;p=10211"},"modified":"2026-03-06T00:32:10","modified_gmt":"2026-03-06T00:32:10","slug":"mi-router-4a-white","status":"publish","type":"product","link":"https:\/\/www.xiaomistoreks.com\/en\/product\/mi-router-4a-white\/","title":{"rendered":"Mi Router 4A (White)"},"content":{"rendered":"<p><a href=\"https:\/\/www.xiaomistoreks.com\/wp-content\/uploads\/2023\/03\/4c-scaled.jpg\"><img fetchpriority=\"high\" decoding=\"async\" class=\"alignnone size-full wp-image-10939\" src=\"https:\/\/www.xiaomistoreks.com\/wp-content\/uploads\/2023\/03\/4c-scaled.jpg\" alt=\"\" width=\"2560\" height=\"1193\" \/><\/a> <a href=\"https:\/\/www.xiaomistoreks.com\/wp-content\/uploads\/2023\/03\/4c1-scaled.jpg\"><img decoding=\"async\" class=\"alignnone size-full wp-image-10940\" src=\"https:\/\/www.xiaomistoreks.com\/wp-content\/uploads\/2023\/03\/4c1-scaled.jpg\" alt=\"\" width=\"2560\" height=\"1705\" \/><\/a> <a href=\"https:\/\/www.xiaomistoreks.com\/wp-content\/uploads\/2023\/03\/4c2-scaled.jpg\"><img decoding=\"async\" class=\"alignnone size-full wp-image-10941\" src=\"https:\/\/www.xiaomistoreks.com\/wp-content\/uploads\/2023\/03\/4c2-scaled.jpg\" alt=\"\" width=\"2560\" height=\"1270\" \/><\/a><\/p>\n","protected":false},"excerpt":{"rendered":"<p>Xiaomi Router 4A \u00ebsht\u00eb nj\u00eb pajisje q\u00eb funksionon n\u00eb dy frekuenca 2.4 GHz dhe 5 GHz me nj\u00eb gjer\u00ebsi bande totale prej 1167 Mbps. Shijoni transmetimin e qet\u00eb t\u00eb videos, shfletimin pa probleme n\u00eb internet dhe loj\u00ebrat n\u00eb internet pa vonesa.<\/p>\n","protected":false},"featured_media":9559,"template":"","meta":[],"product_cat":[212,169],"product_tag":[],"_links":{"self":[{"href":"https:\/\/www.xiaomistoreks.com\/en\/wp-json\/wp\/v2\/product\/10211"}],"collection":[{"href":"https:\/\/www.xiaomistoreks.com\/en\/wp-json\/wp\/v2\/product"}],"about":[{"href":"https:\/\/www.xiaomistoreks.com\/en\/wp-json\/wp\/v2\/types\/product"}],"version-history":[{"count":3,"href":"https:\/\/www.xiaomistoreks.com\/en\/wp-json\/wp\/v2\/product\/10211\/revisions"}],"predecessor-version":[{"id":19090,"href":"https:\/\/www.xiaomistoreks.com\/en\/wp-json\/wp\/v2\/product\/10211\/revisions\/19090"}],"wp:featuredmedia":[{"embeddable":true,"href":"https:\/\/www.xiaomistoreks.com\/en\/wp-json\/wp\/v2\/media\/9559"}],"wp:attachment":[{"href":"https:\/\/www.xiaomistoreks.com\/en\/wp-json\/wp\/v2\/media?parent=10211"}],"wp:term":[{"taxonomy":"product_cat","embeddable":true,"href":"https:\/\/www.xiaomistoreks.com\/en\/wp-json\/wp\/v2\/product_cat?post=10211"},{"taxonomy":"product_tag","embeddable":true,"href":"https:\/\/www.xiaomistoreks.com\/en\/wp-json\/wp\/v2\/product_tag?post=10211"}],"curies":[{"name":"wp","href":"https:\/\/api.w.org\/{rel}","templated":true}]}}