{"id":10209,"date":"2023-03-05T01:41:16","date_gmt":"2023-03-05T01:41:16","guid":{"rendered":"http:\/\/www.xiaomistoreks.com\/?post_type=product&#038;p=10209"},"modified":"2026-03-06T00:32:09","modified_gmt":"2026-03-06T00:32:09","slug":"xiaomi-electric-scooter-cable-lock","status":"publish","type":"product","link":"https:\/\/www.xiaomistoreks.com\/en\/product\/xiaomi-electric-scooter-cable-lock\/","title":{"rendered":"XIaomi Electric Scooter Cable Lock"},"content":{"rendered":"","protected":false},"excerpt":{"rendered":"<p>Dizajn elegant | Kapje e rehatshme | Kodi pes\u00ebshifror | kabllo \u00e7eliku 1200mm | Miq\u00ebsore dhe e q\u00ebndrueshme ndaj mjedisit<\/p>\n","protected":false},"featured_media":9555,"template":"","meta":[],"product_cat":[171,188,201],"product_tag":[],"_links":{"self":[{"href":"https:\/\/www.xiaomistoreks.com\/en\/wp-json\/wp\/v2\/product\/10209"}],"collection":[{"href":"https:\/\/www.xiaomistoreks.com\/en\/wp-json\/wp\/v2\/product"}],"about":[{"href":"https:\/\/www.xiaomistoreks.com\/en\/wp-json\/wp\/v2\/types\/product"}],"version-history":[{"count":1,"href":"https:\/\/www.xiaomistoreks.com\/en\/wp-json\/wp\/v2\/product\/10209\/revisions"}],"predecessor-version":[{"id":10743,"href":"https:\/\/www.xiaomistoreks.com\/en\/wp-json\/wp\/v2\/product\/10209\/revisions\/10743"}],"wp:featuredmedia":[{"embeddable":true,"href":"https:\/\/www.xiaomistoreks.com\/en\/wp-json\/wp\/v2\/media\/9555"}],"wp:attachment":[{"href":"https:\/\/www.xiaomistoreks.com\/en\/wp-json\/wp\/v2\/media?parent=10209"}],"wp:term":[{"taxonomy":"product_cat","embeddable":true,"href":"https:\/\/www.xiaomistoreks.com\/en\/wp-json\/wp\/v2\/product_cat?post=10209"},{"taxonomy":"product_tag","embeddable":true,"href":"https:\/\/www.xiaomistoreks.com\/en\/wp-json\/wp\/v2\/product_tag?post=10209"}],"curies":[{"name":"wp","href":"https:\/\/api.w.org\/{rel}","templated":true}]}}