{"id":10208,"date":"2023-03-05T01:41:16","date_gmt":"2023-03-05T01:41:16","guid":{"rendered":"http:\/\/www.xiaomistoreks.com\/?post_type=product&#038;p=10208"},"modified":"2026-03-06T00:32:09","modified_gmt":"2026-03-06T00:32:09","slug":"xiaomi-mi-wireless-mouse-lite","status":"publish","type":"product","link":"https:\/\/www.xiaomistoreks.com\/en\/product\/xiaomi-mi-wireless-mouse-lite\/","title":{"rendered":"Xiaomi Mi Wireless Mouse Lite"},"content":{"rendered":"","protected":false},"excerpt":{"rendered":"<p>Xiaomi Wireless Mouse Lite p\u00ebrmban nj\u00eb sensor me precizion 1000DPI, duke ju dh\u00ebn\u00eb gjurmim t\u00eb sakt\u00eb, duke e b\u00ebr\u00eb at\u00eb ideal p\u00ebr pun\u00eb ose studim. I aktivizuar me teknologjin\u00eb e transmetimit me val\u00eb 2,4 GHz, Xiaomi Wireless Mouse Lite \u00ebsht\u00eb n\u00eb gjendje t\u00eb transmetoj\u00eb sinjale t\u00eb q\u00ebndrueshme dhe t\u00eb vazhdueshme.<\/p>\n","protected":false},"featured_media":9553,"template":"","meta":[],"product_cat":[171,219],"product_tag":[],"_links":{"self":[{"href":"https:\/\/www.xiaomistoreks.com\/en\/wp-json\/wp\/v2\/product\/10208"}],"collection":[{"href":"https:\/\/www.xiaomistoreks.com\/en\/wp-json\/wp\/v2\/product"}],"about":[{"href":"https:\/\/www.xiaomistoreks.com\/en\/wp-json\/wp\/v2\/types\/product"}],"version-history":[{"count":2,"href":"https:\/\/www.xiaomistoreks.com\/en\/wp-json\/wp\/v2\/product\/10208\/revisions"}],"predecessor-version":[{"id":20269,"href":"https:\/\/www.xiaomistoreks.com\/en\/wp-json\/wp\/v2\/product\/10208\/revisions\/20269"}],"wp:featuredmedia":[{"embeddable":true,"href":"https:\/\/www.xiaomistoreks.com\/en\/wp-json\/wp\/v2\/media\/9553"}],"wp:attachment":[{"href":"https:\/\/www.xiaomistoreks.com\/en\/wp-json\/wp\/v2\/media?parent=10208"}],"wp:term":[{"taxonomy":"product_cat","embeddable":true,"href":"https:\/\/www.xiaomistoreks.com\/en\/wp-json\/wp\/v2\/product_cat?post=10208"},{"taxonomy":"product_tag","embeddable":true,"href":"https:\/\/www.xiaomistoreks.com\/en\/wp-json\/wp\/v2\/product_tag?post=10208"}],"curies":[{"name":"wp","href":"https:\/\/api.w.org\/{rel}","templated":true}]}}