{"id":10207,"date":"2023-03-05T01:41:16","date_gmt":"2023-03-05T01:41:16","guid":{"rendered":"http:\/\/www.xiaomistoreks.com\/?post_type=product&#038;p=10207"},"modified":"2026-03-06T00:32:09","modified_gmt":"2026-03-06T00:32:09","slug":"xiaomi-mi-50w-wireless-charging-stand","status":"publish","type":"product","link":"https:\/\/www.xiaomistoreks.com\/en\/product\/xiaomi-mi-50w-wireless-charging-stand\/","title":{"rendered":"Xiaomi Mi 50W Wireless Charging Stand"},"content":{"rendered":"<p><a href=\"https:\/\/www.xiaomistoreks.com\/wp-content\/uploads\/2023\/03\/WCH-scaled.jpg\"><img fetchpriority=\"high\" decoding=\"async\" class=\"alignnone size-full wp-image-10935\" src=\"https:\/\/www.xiaomistoreks.com\/wp-content\/uploads\/2023\/03\/WCH-scaled.jpg\" alt=\"\" width=\"2560\" height=\"1863\" \/><\/a> <a href=\"https:\/\/www.xiaomistoreks.com\/wp-content\/uploads\/2023\/03\/wch1-scaled.jpg\"><img decoding=\"async\" class=\"alignnone size-full wp-image-10936\" src=\"https:\/\/www.xiaomistoreks.com\/wp-content\/uploads\/2023\/03\/wch1-scaled.jpg\" alt=\"\" width=\"2560\" height=\"1282\" \/><\/a> <a href=\"https:\/\/www.xiaomistoreks.com\/wp-content\/uploads\/2023\/03\/wch2-scaled.jpg\"><img decoding=\"async\" class=\"alignnone size-full wp-image-10937\" src=\"https:\/\/www.xiaomistoreks.com\/wp-content\/uploads\/2023\/03\/wch2-scaled.jpg\" alt=\"\" width=\"2560\" height=\"1247\" \/><\/a><\/p>\n","protected":false},"excerpt":{"rendered":"<p>Karikues i shpejt\u00eb me val\u00eb, i pajtuesh\u00ebm me standardin Qi (dmth. t\u00eb gjith\u00eb telefonat celular\u00eb me karikim pa tel). P\u00ebr karikim t\u00eb shpejt\u00eb deri n\u00eb 50 W<\/p>\n","protected":false},"featured_media":9551,"template":"","meta":[],"product_cat":[171,177],"product_tag":[],"_links":{"self":[{"href":"https:\/\/www.xiaomistoreks.com\/en\/wp-json\/wp\/v2\/product\/10207"}],"collection":[{"href":"https:\/\/www.xiaomistoreks.com\/en\/wp-json\/wp\/v2\/product"}],"about":[{"href":"https:\/\/www.xiaomistoreks.com\/en\/wp-json\/wp\/v2\/types\/product"}],"version-history":[{"count":2,"href":"https:\/\/www.xiaomistoreks.com\/en\/wp-json\/wp\/v2\/product\/10207\/revisions"}],"predecessor-version":[{"id":10938,"href":"https:\/\/www.xiaomistoreks.com\/en\/wp-json\/wp\/v2\/product\/10207\/revisions\/10938"}],"wp:featuredmedia":[{"embeddable":true,"href":"https:\/\/www.xiaomistoreks.com\/en\/wp-json\/wp\/v2\/media\/9551"}],"wp:attachment":[{"href":"https:\/\/www.xiaomistoreks.com\/en\/wp-json\/wp\/v2\/media?parent=10207"}],"wp:term":[{"taxonomy":"product_cat","embeddable":true,"href":"https:\/\/www.xiaomistoreks.com\/en\/wp-json\/wp\/v2\/product_cat?post=10207"},{"taxonomy":"product_tag","embeddable":true,"href":"https:\/\/www.xiaomistoreks.com\/en\/wp-json\/wp\/v2\/product_tag?post=10207"}],"curies":[{"name":"wp","href":"https:\/\/api.w.org\/{rel}","templated":true}]}}