{"id":10199,"date":"2023-03-05T01:41:15","date_gmt":"2023-03-05T01:41:15","guid":{"rendered":"http:\/\/www.xiaomistoreks.com\/?post_type=product&#038;p=10199"},"modified":"2026-03-12T10:02:50","modified_gmt":"2026-03-12T10:02:50","slug":"xiaomi-mi-robot-vacuum-mop1c-2pro-2ultra-brush","status":"publish","type":"product","link":"https:\/\/www.xiaomistoreks.com\/en\/product\/xiaomi-mi-robot-vacuum-mop1c-2pro-2ultra-brush\/","title":{"rendered":"Xiaomi Mi Robot Vacuum-Mop1C\/2Pro+\/2Ultra Brush"},"content":{"rendered":"","protected":false},"excerpt":{"rendered":"<p>Fur\u00e7\u00eb z\u00ebvend\u00ebsuese p\u00ebr fshes\u00eb me korrent robotik.<\/p>\n<p>Mi Robot Vakuum Mop 1C, Mi Robot Vacuum Mop 2 Pro+, Mi Robot Vacuum Mop 2 Ultra, Mi Robot Vacuum Mop 2. , 1 cop\u00eb p\u00ebr paketim<\/p>\n","protected":false},"featured_media":9535,"template":"","meta":[],"product_cat":[225,192],"product_tag":[],"_links":{"self":[{"href":"https:\/\/www.xiaomistoreks.com\/en\/wp-json\/wp\/v2\/product\/10199"}],"collection":[{"href":"https:\/\/www.xiaomistoreks.com\/en\/wp-json\/wp\/v2\/product"}],"about":[{"href":"https:\/\/www.xiaomistoreks.com\/en\/wp-json\/wp\/v2\/types\/product"}],"version-history":[{"count":1,"href":"https:\/\/www.xiaomistoreks.com\/en\/wp-json\/wp\/v2\/product\/10199\/revisions"}],"predecessor-version":[{"id":12954,"href":"https:\/\/www.xiaomistoreks.com\/en\/wp-json\/wp\/v2\/product\/10199\/revisions\/12954"}],"wp:featuredmedia":[{"embeddable":true,"href":"https:\/\/www.xiaomistoreks.com\/en\/wp-json\/wp\/v2\/media\/9535"}],"wp:attachment":[{"href":"https:\/\/www.xiaomistoreks.com\/en\/wp-json\/wp\/v2\/media?parent=10199"}],"wp:term":[{"taxonomy":"product_cat","embeddable":true,"href":"https:\/\/www.xiaomistoreks.com\/en\/wp-json\/wp\/v2\/product_cat?post=10199"},{"taxonomy":"product_tag","embeddable":true,"href":"https:\/\/www.xiaomistoreks.com\/en\/wp-json\/wp\/v2\/product_tag?post=10199"}],"curies":[{"name":"wp","href":"https:\/\/api.w.org\/{rel}","templated":true}]}}