{"id":10195,"date":"2023-03-05T01:41:15","date_gmt":"2023-03-05T01:41:15","guid":{"rendered":"http:\/\/www.xiaomistoreks.com\/?post_type=product&#038;p=10195"},"modified":"2026-04-06T08:29:07","modified_gmt":"2026-04-06T08:29:07","slug":"xiaomi-mi-robot-vacuum-mop1c-2pro-2-waterproof-mat","status":"publish","type":"product","link":"https:\/\/www.xiaomistoreks.com\/en\/product\/xiaomi-mi-robot-vacuum-mop1c-2pro-2-waterproof-mat\/","title":{"rendered":"Xiaomi Mi Robot Vacuum-Mop1C\/2Pro+\/2 Waterproof Mat"},"content":{"rendered":"","protected":false},"excerpt":{"rendered":"<p>E destinuar p\u00ebr t&#8217;u p\u00ebrdorur me stacionin e dokimit, Projektuar p\u00ebr Xiaomi Mi Robot Vacuum-Mop 1C, 2 Pro+ dhe 2 Ultra<\/p>\n","protected":false},"featured_media":9527,"template":"","meta":[],"product_cat":[192],"product_tag":[],"_links":{"self":[{"href":"https:\/\/www.xiaomistoreks.com\/en\/wp-json\/wp\/v2\/product\/10195"}],"collection":[{"href":"https:\/\/www.xiaomistoreks.com\/en\/wp-json\/wp\/v2\/product"}],"about":[{"href":"https:\/\/www.xiaomistoreks.com\/en\/wp-json\/wp\/v2\/types\/product"}],"version-history":[{"count":2,"href":"https:\/\/www.xiaomistoreks.com\/en\/wp-json\/wp\/v2\/product\/10195\/revisions"}],"predecessor-version":[{"id":19089,"href":"https:\/\/www.xiaomistoreks.com\/en\/wp-json\/wp\/v2\/product\/10195\/revisions\/19089"}],"wp:featuredmedia":[{"embeddable":true,"href":"https:\/\/www.xiaomistoreks.com\/en\/wp-json\/wp\/v2\/media\/9527"}],"wp:attachment":[{"href":"https:\/\/www.xiaomistoreks.com\/en\/wp-json\/wp\/v2\/media?parent=10195"}],"wp:term":[{"taxonomy":"product_cat","embeddable":true,"href":"https:\/\/www.xiaomistoreks.com\/en\/wp-json\/wp\/v2\/product_cat?post=10195"},{"taxonomy":"product_tag","embeddable":true,"href":"https:\/\/www.xiaomistoreks.com\/en\/wp-json\/wp\/v2\/product_tag?post=10195"}],"curies":[{"name":"wp","href":"https:\/\/api.w.org\/{rel}","templated":true}]}}