{"id":10194,"date":"2023-03-05T01:41:15","date_gmt":"2023-03-05T01:41:15","guid":{"rendered":"http:\/\/www.xiaomistoreks.com\/?post_type=product&#038;p=10194"},"modified":"2026-03-06T00:32:08","modified_gmt":"2026-03-06T00:32:08","slug":"mi-robot-vacuum-mop-2-ultra-mop-pad","status":"publish","type":"product","link":"https:\/\/www.xiaomistoreks.com\/en\/product\/mi-robot-vacuum-mop-2-ultra-mop-pad\/","title":{"rendered":"Mi Robot Vacuum-Mop 2 Ultra Mop Pad"},"content":{"rendered":"","protected":false},"excerpt":{"rendered":"<p>P\u00eblhur\u00eb p\u00ebr leck\u00eb z\u00ebvend\u00ebsuese p\u00ebr Mi Robot Vacuum Mop 2 Ultra.<\/p>\n","protected":false},"featured_media":9525,"template":"","meta":[],"product_cat":[192],"product_tag":[],"_links":{"self":[{"href":"https:\/\/www.xiaomistoreks.com\/en\/wp-json\/wp\/v2\/product\/10194"}],"collection":[{"href":"https:\/\/www.xiaomistoreks.com\/en\/wp-json\/wp\/v2\/product"}],"about":[{"href":"https:\/\/www.xiaomistoreks.com\/en\/wp-json\/wp\/v2\/types\/product"}],"version-history":[{"count":1,"href":"https:\/\/www.xiaomistoreks.com\/en\/wp-json\/wp\/v2\/product\/10194\/revisions"}],"predecessor-version":[{"id":12953,"href":"https:\/\/www.xiaomistoreks.com\/en\/wp-json\/wp\/v2\/product\/10194\/revisions\/12953"}],"wp:featuredmedia":[{"embeddable":true,"href":"https:\/\/www.xiaomistoreks.com\/en\/wp-json\/wp\/v2\/media\/9525"}],"wp:attachment":[{"href":"https:\/\/www.xiaomistoreks.com\/en\/wp-json\/wp\/v2\/media?parent=10194"}],"wp:term":[{"taxonomy":"product_cat","embeddable":true,"href":"https:\/\/www.xiaomistoreks.com\/en\/wp-json\/wp\/v2\/product_cat?post=10194"},{"taxonomy":"product_tag","embeddable":true,"href":"https:\/\/www.xiaomistoreks.com\/en\/wp-json\/wp\/v2\/product_tag?post=10194"}],"curies":[{"name":"wp","href":"https:\/\/api.w.org\/{rel}","templated":true}]}}