{"id":10192,"date":"2023-03-05T01:41:14","date_gmt":"2023-03-05T01:41:14","guid":{"rendered":"http:\/\/www.xiaomistoreks.com\/?post_type=product&#038;p=10192"},"modified":"2026-03-06T00:32:07","modified_gmt":"2026-03-06T00:32:07","slug":"xiaomi-smart-air-purifier-4-filter","status":"publish","type":"product","link":"https:\/\/www.xiaomistoreks.com\/en\/product\/xiaomi-smart-air-purifier-4-filter\/","title":{"rendered":"Xiaomi Smart Air Purifier 4 Filter"},"content":{"rendered":"","protected":false},"excerpt":{"rendered":"<p>Filtri z\u00ebvend\u00ebsues p\u00ebr pastruesin inteligjent t\u00eb ajrit Xiaomi 4. Filt\u00ebr me efikasitet t\u00eb lart\u00eb p\u00ebr filtrimin e grimcave t\u00eb trash\u00eb si PM 2.5, poleni, qimet e kafsh\u00ebve sht\u00ebpiake etj. Karboni i aktivizuar p\u00ebr t\u00eb hequr aromat e pak\u00ebndshme si VOC, tymrat e gatimit, formaldehidi, tymi. Jo i p\u00ebrshtatsh\u00ebm p\u00ebr Air Purifier 4 Lite dhe Air Purifier 4 Pro! I p\u00ebrshtatsh\u00ebm vet\u00ebm p\u00ebr pastruesin e ajrit 4!<\/p>\n","protected":false},"featured_media":9521,"template":"","meta":[],"product_cat":[236,377],"product_tag":[],"_links":{"self":[{"href":"https:\/\/www.xiaomistoreks.com\/en\/wp-json\/wp\/v2\/product\/10192"}],"collection":[{"href":"https:\/\/www.xiaomistoreks.com\/en\/wp-json\/wp\/v2\/product"}],"about":[{"href":"https:\/\/www.xiaomistoreks.com\/en\/wp-json\/wp\/v2\/types\/product"}],"version-history":[{"count":1,"href":"https:\/\/www.xiaomistoreks.com\/en\/wp-json\/wp\/v2\/product\/10192\/revisions"}],"predecessor-version":[{"id":12357,"href":"https:\/\/www.xiaomistoreks.com\/en\/wp-json\/wp\/v2\/product\/10192\/revisions\/12357"}],"wp:featuredmedia":[{"embeddable":true,"href":"https:\/\/www.xiaomistoreks.com\/en\/wp-json\/wp\/v2\/media\/9521"}],"wp:attachment":[{"href":"https:\/\/www.xiaomistoreks.com\/en\/wp-json\/wp\/v2\/media?parent=10192"}],"wp:term":[{"taxonomy":"product_cat","embeddable":true,"href":"https:\/\/www.xiaomistoreks.com\/en\/wp-json\/wp\/v2\/product_cat?post=10192"},{"taxonomy":"product_tag","embeddable":true,"href":"https:\/\/www.xiaomistoreks.com\/en\/wp-json\/wp\/v2\/product_tag?post=10192"}],"curies":[{"name":"wp","href":"https:\/\/api.w.org\/{rel}","templated":true}]}}