{"id":10189,"date":"2023-03-05T01:41:14","date_gmt":"2023-03-05T01:41:14","guid":{"rendered":"http:\/\/www.xiaomistoreks.com\/?post_type=product&#038;p=10189"},"modified":"2026-04-09T08:45:35","modified_gmt":"2026-04-09T08:45:35","slug":"mi-ambient-light-rejecting-scr","status":"publish","type":"product","link":"https:\/\/www.xiaomistoreks.com\/en\/product\/mi-ambient-light-rejecting-scr\/","title":{"rendered":"Mi Ambient Light Rejecting Scr"},"content":{"rendered":"","protected":false},"excerpt":{"rendered":"<p>Ekrani i projektorit t\u00eb riprojektimit t\u00eb drit\u00ebs s\u00eb ambientit Mi 100&#8243; Nj\u00eb p\u00ebrvoj\u00eb shikimi kinematografik Mbyllje 85% &#8211; liron potencialin e projektorit tuaj me nj\u00eb ekran lazer me cil\u00ebsi kinemaje.<\/p>\n","protected":false},"featured_media":9503,"template":"","meta":[],"product_cat":[15,155],"product_tag":[],"_links":{"self":[{"href":"https:\/\/www.xiaomistoreks.com\/en\/wp-json\/wp\/v2\/product\/10189"}],"collection":[{"href":"https:\/\/www.xiaomistoreks.com\/en\/wp-json\/wp\/v2\/product"}],"about":[{"href":"https:\/\/www.xiaomistoreks.com\/en\/wp-json\/wp\/v2\/types\/product"}],"version-history":[{"count":1,"href":"https:\/\/www.xiaomistoreks.com\/en\/wp-json\/wp\/v2\/product\/10189\/revisions"}],"predecessor-version":[{"id":17055,"href":"https:\/\/www.xiaomistoreks.com\/en\/wp-json\/wp\/v2\/product\/10189\/revisions\/17055"}],"wp:featuredmedia":[{"embeddable":true,"href":"https:\/\/www.xiaomistoreks.com\/en\/wp-json\/wp\/v2\/media\/9503"}],"wp:attachment":[{"href":"https:\/\/www.xiaomistoreks.com\/en\/wp-json\/wp\/v2\/media?parent=10189"}],"wp:term":[{"taxonomy":"product_cat","embeddable":true,"href":"https:\/\/www.xiaomistoreks.com\/en\/wp-json\/wp\/v2\/product_cat?post=10189"},{"taxonomy":"product_tag","embeddable":true,"href":"https:\/\/www.xiaomistoreks.com\/en\/wp-json\/wp\/v2\/product_tag?post=10189"}],"curies":[{"name":"wp","href":"https:\/\/api.w.org\/{rel}","templated":true}]}}