{"id":10188,"date":"2023-03-05T01:41:14","date_gmt":"2023-03-05T01:41:14","guid":{"rendered":"http:\/\/www.xiaomistoreks.com\/?post_type=product&#038;p=10188"},"modified":"2026-03-06T00:32:07","modified_gmt":"2026-03-06T00:32:07","slug":"xiaomi-mi-usb-c-cable-1m-white","status":"publish","type":"product","link":"https:\/\/www.xiaomistoreks.com\/en\/product\/xiaomi-mi-usb-c-cable-1m-white\/","title":{"rendered":"Xiaomi Mi USB-C Cable 1m White"},"content":{"rendered":"","protected":false},"excerpt":{"rendered":"<p>Kabllo origjinale Xiaomi USB, USB Type-C dhe lidh\u00ebs standard USB-A. Gjat\u00ebsia 1 met\u00ebr. Ngjyra e bardh\u00eb. Nuk mb\u00ebshtet karikim t\u00eb shpejt\u00eb. \u00cbsht\u00eb projektuar p\u00ebr karikim konvencional 5V\/2A (10W).<\/p>\n","protected":false},"featured_media":9501,"template":"","meta":[],"product_cat":[171,172,177],"product_tag":[],"_links":{"self":[{"href":"https:\/\/www.xiaomistoreks.com\/en\/wp-json\/wp\/v2\/product\/10188"}],"collection":[{"href":"https:\/\/www.xiaomistoreks.com\/en\/wp-json\/wp\/v2\/product"}],"about":[{"href":"https:\/\/www.xiaomistoreks.com\/en\/wp-json\/wp\/v2\/types\/product"}],"version-history":[{"count":1,"href":"https:\/\/www.xiaomistoreks.com\/en\/wp-json\/wp\/v2\/product\/10188\/revisions"}],"predecessor-version":[{"id":12056,"href":"https:\/\/www.xiaomistoreks.com\/en\/wp-json\/wp\/v2\/product\/10188\/revisions\/12056"}],"wp:featuredmedia":[{"embeddable":true,"href":"https:\/\/www.xiaomistoreks.com\/en\/wp-json\/wp\/v2\/media\/9501"}],"wp:attachment":[{"href":"https:\/\/www.xiaomistoreks.com\/en\/wp-json\/wp\/v2\/media?parent=10188"}],"wp:term":[{"taxonomy":"product_cat","embeddable":true,"href":"https:\/\/www.xiaomistoreks.com\/en\/wp-json\/wp\/v2\/product_cat?post=10188"},{"taxonomy":"product_tag","embeddable":true,"href":"https:\/\/www.xiaomistoreks.com\/en\/wp-json\/wp\/v2\/product_tag?post=10188"}],"curies":[{"name":"wp","href":"https:\/\/api.w.org\/{rel}","templated":true}]}}