{"id":10155,"date":"2023-03-05T01:41:10","date_gmt":"2023-03-05T01:41:10","guid":{"rendered":"http:\/\/www.xiaomistoreks.com\/?post_type=product&#038;p=10155"},"modified":"2026-03-06T00:32:07","modified_gmt":"2026-03-06T00:32:07","slug":"mi-smart-home-hub","status":"publish","type":"product","link":"https:\/\/www.xiaomistoreks.com\/en\/product\/mi-smart-home-hub\/","title":{"rendered":"Mi Smart Home Hub"},"content":{"rendered":"<p>Tipi i produktit<br \/>\nSmart Hub<br \/>\nP\u00ebrputhshm\u00ebria<br \/>\nAndroid 5.0 e lart<br \/>\nApple HomeKit<br \/>\niOS 12 dhe m\u00eb von\u00eb<br \/>\nKomunikimi<br \/>\nBluetooth 5.0<br \/>\nZigbee 3.0<br \/>\nWi-Fi IEEE 802.11 b\/g\/n 2,4 GH<br \/>\nFurnizimi me energji elektrike<br \/>\n5V \/ 1A<br \/>\nGama e lag\u00ebshtis\u00eb<br \/>\n0% ~ 99% RH<br \/>\nLart\u00ebsia<br \/>\n90 mm<br \/>\nGjer\u00ebsia<br \/>\n25 mm<br \/>\nNj\u00eb grup<br \/>\nKabel\u00eb mikro USB<br \/>\nMi Smart Home Hub<\/p>\n<p>&nbsp;<\/p>\n","protected":false},"excerpt":{"rendered":"<p>Gateway p\u00ebr sht\u00ebpin\u00eb inteligjente Xiaomi. Sensor\u00ebt ZigBee dhe Bluetooth mb\u00ebshtesin deri n\u00eb 100 pajisje t\u00eb lidhura menj\u00ebher\u00eb. Pajtueshm\u00ebria me Mi Home dhe Apple HomeKit. Lidhshm\u00ebria: WiFi 802.11b\/g\/n 2.4 GHz dhe Bluetooth 5.0.<\/p>\n","protected":false},"featured_media":9491,"template":"","meta":[],"product_cat":[215,202,169],"product_tag":[],"_links":{"self":[{"href":"https:\/\/www.xiaomistoreks.com\/en\/wp-json\/wp\/v2\/product\/10155"}],"collection":[{"href":"https:\/\/www.xiaomistoreks.com\/en\/wp-json\/wp\/v2\/product"}],"about":[{"href":"https:\/\/www.xiaomistoreks.com\/en\/wp-json\/wp\/v2\/types\/product"}],"version-history":[{"count":1,"href":"https:\/\/www.xiaomistoreks.com\/en\/wp-json\/wp\/v2\/product\/10155\/revisions"}],"predecessor-version":[{"id":11085,"href":"https:\/\/www.xiaomistoreks.com\/en\/wp-json\/wp\/v2\/product\/10155\/revisions\/11085"}],"wp:featuredmedia":[{"embeddable":true,"href":"https:\/\/www.xiaomistoreks.com\/en\/wp-json\/wp\/v2\/media\/9491"}],"wp:attachment":[{"href":"https:\/\/www.xiaomistoreks.com\/en\/wp-json\/wp\/v2\/media?parent=10155"}],"wp:term":[{"taxonomy":"product_cat","embeddable":true,"href":"https:\/\/www.xiaomistoreks.com\/en\/wp-json\/wp\/v2\/product_cat?post=10155"},{"taxonomy":"product_tag","embeddable":true,"href":"https:\/\/www.xiaomistoreks.com\/en\/wp-json\/wp\/v2\/product_tag?post=10155"}],"curies":[{"name":"wp","href":"https:\/\/api.w.org\/{rel}","templated":true}]}}