{"id":10151,"date":"2023-03-05T01:41:09","date_gmt":"2023-03-05T01:41:09","guid":{"rendered":"http:\/\/www.xiaomistoreks.com\/?post_type=product&#038;p=10151"},"modified":"2026-05-02T15:24:50","modified_gmt":"2026-05-02T15:24:50","slug":"xiaomi-mi-smart-humidifier-2","status":"publish","type":"product","link":"https:\/\/www.xiaomistoreks.com\/en\/product\/xiaomi-mi-smart-humidifier-2\/","title":{"rendered":"Xiaomi Mi Smart Humidifier 2"},"content":{"rendered":"","protected":false},"excerpt":{"rendered":"<p>Sterilizimi UV-C, pastron ujin p\u00ebr t\u00eb prodhuar nj\u00eb mjegull m\u00eb t\u00eb sh\u00ebndetshme. Lag\u00ebshtimi 350 ml\/h, ju lejon t\u00eb plot\u00ebsoni nevojat tuaja ditore fal\u00eb rezervuarit t\u00eb tij 4.5L. Kontrollo nga distanca p\u00ebrmes aplikacionit Xiaomi Home. P\u00ebrvoj\u00eb krejt\u00ebsisht e re fal\u00eb ndarjes s\u00eb aromaterapis\u00eb. Funksionim i qet\u00eb m\u00eb pak se 38 decibel.<\/p>\n","protected":false},"featured_media":9465,"template":"","meta":[],"product_cat":[193,236,169],"product_tag":[],"_links":{"self":[{"href":"https:\/\/www.xiaomistoreks.com\/en\/wp-json\/wp\/v2\/product\/10151"}],"collection":[{"href":"https:\/\/www.xiaomistoreks.com\/en\/wp-json\/wp\/v2\/product"}],"about":[{"href":"https:\/\/www.xiaomistoreks.com\/en\/wp-json\/wp\/v2\/types\/product"}],"version-history":[{"count":2,"href":"https:\/\/www.xiaomistoreks.com\/en\/wp-json\/wp\/v2\/product\/10151\/revisions"}],"predecessor-version":[{"id":21473,"href":"https:\/\/www.xiaomistoreks.com\/en\/wp-json\/wp\/v2\/product\/10151\/revisions\/21473"}],"wp:featuredmedia":[{"embeddable":true,"href":"https:\/\/www.xiaomistoreks.com\/en\/wp-json\/wp\/v2\/media\/9465"}],"wp:attachment":[{"href":"https:\/\/www.xiaomistoreks.com\/en\/wp-json\/wp\/v2\/media?parent=10151"}],"wp:term":[{"taxonomy":"product_cat","embeddable":true,"href":"https:\/\/www.xiaomistoreks.com\/en\/wp-json\/wp\/v2\/product_cat?post=10151"},{"taxonomy":"product_tag","embeddable":true,"href":"https:\/\/www.xiaomistoreks.com\/en\/wp-json\/wp\/v2\/product_tag?post=10151"}],"curies":[{"name":"wp","href":"https:\/\/api.w.org\/{rel}","templated":true}]}}