{"id":10149,"date":"2023-03-05T01:41:09","date_gmt":"2023-03-05T01:41:09","guid":{"rendered":"http:\/\/www.xiaomistoreks.com\/?post_type=product&#038;p=10149"},"modified":"2026-04-29T08:03:26","modified_gmt":"2026-04-29T08:03:26","slug":"xiaomi-mi-smart-air-purifier-4-compact-eu","status":"publish","type":"product","link":"https:\/\/www.xiaomistoreks.com\/en\/product\/xiaomi-mi-smart-air-purifier-4-compact-eu\/","title":{"rendered":"Xiaomi Mi Smart Air Purifier 4 Compact"},"content":{"rendered":"","protected":false},"excerpt":{"rendered":"<p>Nj\u00eb version n\u00eb miniatur\u00eb i pastruesit popullor t\u00eb ajrit. Ndihmon n\u00eb sht\u00ebpi kund\u00ebr pluhurit, er\u00ebrave t\u00eb gatimit, pirjes s\u00eb duhanit, redukton aromat dhe qimet e kafsh\u00ebve sht\u00ebpiake. I p\u00ebrshtatsh\u00ebm p\u00ebr nj\u00eb dhom\u00eb me madh\u00ebsi 16-27 m2, t\u00ebrheq ajrin mbi 360\u00b0, filtrimi efektiv kap deri n\u00eb 99,97% t\u00eb grimcave t\u00eb vogla deri n\u00eb 0,3 mikron. Niveli jasht\u00ebzakonisht i ul\u00ebt i zhurm\u00ebs deri n\u00eb 20 dB ideal p\u00ebr gjum\u00eb t\u00eb pashqet\u00ebsuar pran\u00eb pastruesit. Sigurisht mb\u00ebshtetje p\u00ebr WiFi, aplikacionin celular Mi Home dhe Google Assistant, Amazon Alexa. Ekrani me prekje i statusit OLED.<\/p>\n","protected":false},"featured_media":9461,"template":"","meta":[],"product_cat":[193,236,169,155],"product_tag":[],"_links":{"self":[{"href":"https:\/\/www.xiaomistoreks.com\/en\/wp-json\/wp\/v2\/product\/10149"}],"collection":[{"href":"https:\/\/www.xiaomistoreks.com\/en\/wp-json\/wp\/v2\/product"}],"about":[{"href":"https:\/\/www.xiaomistoreks.com\/en\/wp-json\/wp\/v2\/types\/product"}],"version-history":[{"count":3,"href":"https:\/\/www.xiaomistoreks.com\/en\/wp-json\/wp\/v2\/product\/10149\/revisions"}],"predecessor-version":[{"id":17609,"href":"https:\/\/www.xiaomistoreks.com\/en\/wp-json\/wp\/v2\/product\/10149\/revisions\/17609"}],"wp:featuredmedia":[{"embeddable":true,"href":"https:\/\/www.xiaomistoreks.com\/en\/wp-json\/wp\/v2\/media\/9461"}],"wp:attachment":[{"href":"https:\/\/www.xiaomistoreks.com\/en\/wp-json\/wp\/v2\/media?parent=10149"}],"wp:term":[{"taxonomy":"product_cat","embeddable":true,"href":"https:\/\/www.xiaomistoreks.com\/en\/wp-json\/wp\/v2\/product_cat?post=10149"},{"taxonomy":"product_tag","embeddable":true,"href":"https:\/\/www.xiaomistoreks.com\/en\/wp-json\/wp\/v2\/product_tag?post=10149"}],"curies":[{"name":"wp","href":"https:\/\/api.w.org\/{rel}","templated":true}]}}