{"id":10145,"date":"2023-03-05T01:41:09","date_gmt":"2023-03-05T01:41:09","guid":{"rendered":"http:\/\/www.xiaomistoreks.com\/?post_type=product&#038;p=10145"},"modified":"2026-03-06T00:32:06","modified_gmt":"2026-03-06T00:32:06","slug":"xiaomi-65w-gan-charger-type-a-type-c","status":"publish","type":"product","link":"https:\/\/www.xiaomistoreks.com\/en\/product\/xiaomi-65w-gan-charger-type-a-type-c\/","title":{"rendered":"Xiaomi 65W GaN Charger (Type-A + Type-C)"},"content":{"rendered":"","protected":false},"excerpt":{"rendered":"<p>Karikues shum\u00eb kompakt, fuqi 65 W, lidh\u00ebs USB-C dhe USB-A i madh. Paketa p\u00ebrfshin nj\u00eb kabllo 1m 5A me terminale USB Type-C. Mb\u00ebshtetje p\u00ebr karikim t\u00eb shpejt\u00eb duke p\u00ebrfshir\u00eb USB PD 3.0. Mund t\u00eb p\u00ebrdoret p\u00ebr t\u00eb karikuar laptop\u00eb (p.sh. Macbook Pro, Dell XPS, Xiaomi Laptop Air), telefona (Samsung, Xiaomi, Apple dhe t\u00eb tjer\u00eb), Nintendo Switch, etj.<\/p>\n","protected":false},"featured_media":9453,"template":"","meta":[],"product_cat":[171,172,177],"product_tag":[],"_links":{"self":[{"href":"https:\/\/www.xiaomistoreks.com\/en\/wp-json\/wp\/v2\/product\/10145"}],"collection":[{"href":"https:\/\/www.xiaomistoreks.com\/en\/wp-json\/wp\/v2\/product"}],"about":[{"href":"https:\/\/www.xiaomistoreks.com\/en\/wp-json\/wp\/v2\/types\/product"}],"version-history":[{"count":1,"href":"https:\/\/www.xiaomistoreks.com\/en\/wp-json\/wp\/v2\/product\/10145\/revisions"}],"predecessor-version":[{"id":10723,"href":"https:\/\/www.xiaomistoreks.com\/en\/wp-json\/wp\/v2\/product\/10145\/revisions\/10723"}],"wp:featuredmedia":[{"embeddable":true,"href":"https:\/\/www.xiaomistoreks.com\/en\/wp-json\/wp\/v2\/media\/9453"}],"wp:attachment":[{"href":"https:\/\/www.xiaomistoreks.com\/en\/wp-json\/wp\/v2\/media?parent=10145"}],"wp:term":[{"taxonomy":"product_cat","embeddable":true,"href":"https:\/\/www.xiaomistoreks.com\/en\/wp-json\/wp\/v2\/product_cat?post=10145"},{"taxonomy":"product_tag","embeddable":true,"href":"https:\/\/www.xiaomistoreks.com\/en\/wp-json\/wp\/v2\/product_tag?post=10145"}],"curies":[{"name":"wp","href":"https:\/\/api.w.org\/{rel}","templated":true}]}}