{"id":10136,"date":"2023-03-05T01:41:08","date_gmt":"2023-03-05T01:41:08","guid":{"rendered":"http:\/\/www.xiaomistoreks.com\/?post_type=product&#038;p=10136"},"modified":"2026-04-21T06:41:25","modified_gmt":"2026-04-21T06:41:25","slug":"xiaomi-mi-37w-dual-port-car-charger","status":"publish","type":"product","link":"https:\/\/www.xiaomistoreks.com\/en\/product\/xiaomi-mi-37w-dual-port-car-charger\/","title":{"rendered":"Xiaomi Mi 37W Dual-Port Car Charger"},"content":{"rendered":"","protected":false},"excerpt":{"rendered":"<p>Karikues makinash Mi 37W me dy porte &#8211; 2 porte USB-A \/ mb\u00ebshtet karikim t\u00eb shpejt\u00eb deri n\u00eb 27W (USB2) + 10W (USB1) = 37W \/ mbrojtje nga qarku i shkurt\u00ebr, mbitensioni, mbinxehja \/ QuickCharge 3.0<\/p>\n","protected":false},"featured_media":9432,"template":"","meta":[],"product_cat":[171,172,177,155],"product_tag":[],"_links":{"self":[{"href":"https:\/\/www.xiaomistoreks.com\/en\/wp-json\/wp\/v2\/product\/10136"}],"collection":[{"href":"https:\/\/www.xiaomistoreks.com\/en\/wp-json\/wp\/v2\/product"}],"about":[{"href":"https:\/\/www.xiaomistoreks.com\/en\/wp-json\/wp\/v2\/types\/product"}],"version-history":[{"count":2,"href":"https:\/\/www.xiaomistoreks.com\/en\/wp-json\/wp\/v2\/product\/10136\/revisions"}],"predecessor-version":[{"id":20391,"href":"https:\/\/www.xiaomistoreks.com\/en\/wp-json\/wp\/v2\/product\/10136\/revisions\/20391"}],"wp:featuredmedia":[{"embeddable":true,"href":"https:\/\/www.xiaomistoreks.com\/en\/wp-json\/wp\/v2\/media\/9432"}],"wp:attachment":[{"href":"https:\/\/www.xiaomistoreks.com\/en\/wp-json\/wp\/v2\/media?parent=10136"}],"wp:term":[{"taxonomy":"product_cat","embeddable":true,"href":"https:\/\/www.xiaomistoreks.com\/en\/wp-json\/wp\/v2\/product_cat?post=10136"},{"taxonomy":"product_tag","embeddable":true,"href":"https:\/\/www.xiaomistoreks.com\/en\/wp-json\/wp\/v2\/product_tag?post=10136"}],"curies":[{"name":"wp","href":"https:\/\/api.w.org\/{rel}","templated":true}]}}