{"id":10100,"date":"2023-03-05T01:41:01","date_gmt":"2023-03-05T01:41:01","guid":{"rendered":"http:\/\/www.xiaomistoreks.com\/?post_type=product&#038;p=10100"},"modified":"2026-03-06T00:32:04","modified_gmt":"2026-03-06T00:32:04","slug":"xiaomi-waterlonic-hair-dryer-h500","status":"publish","type":"product","link":"https:\/\/www.xiaomistoreks.com\/en\/product\/xiaomi-waterlonic-hair-dryer-h500\/","title":{"rendered":"Xiaomi Waterlonic Hair Dryer H500"},"content":{"rendered":"","protected":false},"excerpt":{"rendered":"<p>Jonet e dyfishta t\u0117 ujit dep\u0117rtojn\u0117 thell\u0117 n\u0117 flok\u0117t tuaj p\u0117r mbrojtje t\u0117 q\u0117ndrueshme dhe nj\u0117 shk\u0117lqim rrez\u0117llit\u0117s. Kjo thar\u0117se flok\u0117sh mund t\u0117 ruaj lag\u0117shtin\u0117 natyrale n\u0117 flok\u0117, nd\u0117rkoh\u0117 q\u0117 redukton n\u0117 m\u0117nyr\u0117 efektive majat e dyfishta dhe k\u0117putjen, duke p\u0117rmir\u0117suar k\u0117shtu forc\u0117n e flokut dhe duke e b\u0117r\u0117 at\u0117 m\u0117 elastik.<\/p>\n","protected":false},"featured_media":9394,"template":"","meta":[],"product_cat":[193,194,188,169],"product_tag":[],"_links":{"self":[{"href":"https:\/\/www.xiaomistoreks.com\/en\/wp-json\/wp\/v2\/product\/10100"}],"collection":[{"href":"https:\/\/www.xiaomistoreks.com\/en\/wp-json\/wp\/v2\/product"}],"about":[{"href":"https:\/\/www.xiaomistoreks.com\/en\/wp-json\/wp\/v2\/types\/product"}],"version-history":[{"count":1,"href":"https:\/\/www.xiaomistoreks.com\/en\/wp-json\/wp\/v2\/product\/10100\/revisions"}],"predecessor-version":[{"id":10729,"href":"https:\/\/www.xiaomistoreks.com\/en\/wp-json\/wp\/v2\/product\/10100\/revisions\/10729"}],"wp:featuredmedia":[{"embeddable":true,"href":"https:\/\/www.xiaomistoreks.com\/en\/wp-json\/wp\/v2\/media\/9394"}],"wp:attachment":[{"href":"https:\/\/www.xiaomistoreks.com\/en\/wp-json\/wp\/v2\/media?parent=10100"}],"wp:term":[{"taxonomy":"product_cat","embeddable":true,"href":"https:\/\/www.xiaomistoreks.com\/en\/wp-json\/wp\/v2\/product_cat?post=10100"},{"taxonomy":"product_tag","embeddable":true,"href":"https:\/\/www.xiaomistoreks.com\/en\/wp-json\/wp\/v2\/product_tag?post=10100"}],"curies":[{"name":"wp","href":"https:\/\/api.w.org\/{rel}","templated":true}]}}