{"id":10094,"date":"2023-03-05T01:41:01","date_gmt":"2023-03-05T01:41:01","guid":{"rendered":"http:\/\/www.xiaomistoreks.com\/?post_type=product&#038;p=10094"},"modified":"2026-03-06T00:32:03","modified_gmt":"2026-03-06T00:32:03","slug":"xiaomi-mi-portable-bluetooth-speaker-grey","status":"publish","type":"product","link":"https:\/\/www.xiaomistoreks.com\/en\/product\/xiaomi-mi-portable-bluetooth-speaker-grey\/","title":{"rendered":"Xiaomi Mi Portable Bluetooth Speaker (Grey)"},"content":{"rendered":"","protected":false},"excerpt":{"rendered":"<p>Boks me bluetooth me p\u0117rmasa shum\u0117 t\u0117 vogla t\u0117 cilin mund ta merrni leht\u0117sisht me vete kudo q\u0117 shkoni. Mjaftojn\u0117 vet\u0117m dy or\u0117 karikimi p\u0117r deri n\u0117 dhjet\u0117 or\u0117 muzik\u0117. Pavar\u0117sisht p\u0117rmasave t\u0117 vogla ky boks ka z\u0117 t\u0117 fuqish\u0117m dhe shum\u0117 t\u0117 past\u0117r. Gjithahtu \u0117sht\u0117 vler\u0117suar n\u0117 nivelin 5 p\u0117r rezistenc\u0117 ndaj pluhurit dhe ujit, q\u0117 do t\u0117 thot\u0117 se pjesa e brendshme e boksit mbrohen nga djersa, shiu dhe pluhuri, k\u0117shtu q\u0117 mund ta merrni kudo pa u shqet\u0117suar p\u0117r faktor\u0117t rrethues.<\/p>\n","protected":false},"featured_media":9382,"template":"","meta":[],"product_cat":[203,202],"product_tag":[],"_links":{"self":[{"href":"https:\/\/www.xiaomistoreks.com\/en\/wp-json\/wp\/v2\/product\/10094"}],"collection":[{"href":"https:\/\/www.xiaomistoreks.com\/en\/wp-json\/wp\/v2\/product"}],"about":[{"href":"https:\/\/www.xiaomistoreks.com\/en\/wp-json\/wp\/v2\/types\/product"}],"version-history":[{"count":2,"href":"https:\/\/www.xiaomistoreks.com\/en\/wp-json\/wp\/v2\/product\/10094\/revisions"}],"predecessor-version":[{"id":19091,"href":"https:\/\/www.xiaomistoreks.com\/en\/wp-json\/wp\/v2\/product\/10094\/revisions\/19091"}],"wp:featuredmedia":[{"embeddable":true,"href":"https:\/\/www.xiaomistoreks.com\/en\/wp-json\/wp\/v2\/media\/9382"}],"wp:attachment":[{"href":"https:\/\/www.xiaomistoreks.com\/en\/wp-json\/wp\/v2\/media?parent=10094"}],"wp:term":[{"taxonomy":"product_cat","embeddable":true,"href":"https:\/\/www.xiaomistoreks.com\/en\/wp-json\/wp\/v2\/product_cat?post=10094"},{"taxonomy":"product_tag","embeddable":true,"href":"https:\/\/www.xiaomistoreks.com\/en\/wp-json\/wp\/v2\/product_tag?post=10094"}],"curies":[{"name":"wp","href":"https:\/\/api.w.org\/{rel}","templated":true}]}}