{"id":10084,"date":"2023-03-05T01:41:00","date_gmt":"2023-03-05T01:41:00","guid":{"rendered":"http:\/\/www.xiaomistoreks.com\/?post_type=product&#038;p=10084"},"modified":"2026-05-14T08:11:27","modified_gmt":"2026-05-14T08:11:27","slug":"xiaomi-mi-commuter-helmet-black-m","status":"publish","type":"product","link":"https:\/\/www.xiaomistoreks.com\/en\/product\/xiaomi-mi-commuter-helmet-black-m\/","title":{"rendered":"Xiaomi Mi Commuter Helmet (Black) M"},"content":{"rendered":"","protected":false},"excerpt":{"rendered":"<p>Helmeta Xiaomi \u00ebsht\u00eb p\u00ebr ju. Mbroni veten me helmet\u00ebn Mi Commuter, nj\u00eb helmet\u00eb t\u00eb fort\u00eb polikarbonati dhe nj\u00eb brendshme t\u00eb mbushur me material mbush\u00ebs rezistent ndaj goditjeve. P\u00ebrve\u00e7 k\u00ebsaj, pjesa e pasme ka nj\u00eb reflektor n\u00eb m\u00ebnyr\u00eb q\u00eb drejtuesit e tjer\u00eb t\u00eb mund ta shohin mir\u00eb edhe gjat\u00eb nat\u00ebs.<\/p>\n","protected":false},"featured_media":9343,"template":"","meta":[],"product_cat":[188,201],"product_tag":[],"_links":{"self":[{"href":"https:\/\/www.xiaomistoreks.com\/en\/wp-json\/wp\/v2\/product\/10084"}],"collection":[{"href":"https:\/\/www.xiaomistoreks.com\/en\/wp-json\/wp\/v2\/product"}],"about":[{"href":"https:\/\/www.xiaomistoreks.com\/en\/wp-json\/wp\/v2\/types\/product"}],"version-history":[{"count":2,"href":"https:\/\/www.xiaomistoreks.com\/en\/wp-json\/wp\/v2\/product\/10084\/revisions"}],"predecessor-version":[{"id":19577,"href":"https:\/\/www.xiaomistoreks.com\/en\/wp-json\/wp\/v2\/product\/10084\/revisions\/19577"}],"wp:featuredmedia":[{"embeddable":true,"href":"https:\/\/www.xiaomistoreks.com\/en\/wp-json\/wp\/v2\/media\/9343"}],"wp:attachment":[{"href":"https:\/\/www.xiaomistoreks.com\/en\/wp-json\/wp\/v2\/media?parent=10084"}],"wp:term":[{"taxonomy":"product_cat","embeddable":true,"href":"https:\/\/www.xiaomistoreks.com\/en\/wp-json\/wp\/v2\/product_cat?post=10084"},{"taxonomy":"product_tag","embeddable":true,"href":"https:\/\/www.xiaomistoreks.com\/en\/wp-json\/wp\/v2\/product_tag?post=10084"}],"curies":[{"name":"wp","href":"https:\/\/api.w.org\/{rel}","templated":true}]}}