{"id":10043,"date":"2023-03-05T01:40:55","date_gmt":"2023-03-05T01:40:55","guid":{"rendered":"http:\/\/www.xiaomistoreks.com\/?post_type=product&#038;p=10043"},"modified":"2026-04-20T07:22:59","modified_gmt":"2026-04-20T07:22:59","slug":"xiaomi-mi-air-purifier-pro-h-filter","status":"publish","type":"product","link":"https:\/\/www.xiaomistoreks.com\/en\/product\/xiaomi-mi-air-purifier-pro-h-filter\/","title":{"rendered":"Xiaomi Mi Air Purifier Pro H Filter"},"content":{"rendered":"<p>Filt\u00ebr anti-formaldehid p\u00ebr t\u00eb gjith\u00eb pastruesit e ajrit Xiaomi. Filtri HEPA edhe p\u00ebr grimcat m\u00eb t\u00eb vogla. P\u00ebr modelin Mi Air Purifier Pro H<\/p>\n","protected":false},"excerpt":{"rendered":"<p>Filt\u00ebr anti-formaldehid p\u00ebr t\u00eb gjith\u00eb pastruesit e ajrit Xiaomi. Filtri HEPA edhe p\u00ebr grimcat m\u00eb t\u00eb vogla. P\u00ebr modelin Mi Air Purifier Pro H<\/p>\n","protected":false},"featured_media":9321,"template":"","meta":[],"product_cat":[236,155],"product_tag":[],"_links":{"self":[{"href":"https:\/\/www.xiaomistoreks.com\/en\/wp-json\/wp\/v2\/product\/10043"}],"collection":[{"href":"https:\/\/www.xiaomistoreks.com\/en\/wp-json\/wp\/v2\/product"}],"about":[{"href":"https:\/\/www.xiaomistoreks.com\/en\/wp-json\/wp\/v2\/types\/product"}],"version-history":[{"count":1,"href":"https:\/\/www.xiaomistoreks.com\/en\/wp-json\/wp\/v2\/product\/10043\/revisions"}],"predecessor-version":[{"id":12438,"href":"https:\/\/www.xiaomistoreks.com\/en\/wp-json\/wp\/v2\/product\/10043\/revisions\/12438"}],"wp:featuredmedia":[{"embeddable":true,"href":"https:\/\/www.xiaomistoreks.com\/en\/wp-json\/wp\/v2\/media\/9321"}],"wp:attachment":[{"href":"https:\/\/www.xiaomistoreks.com\/en\/wp-json\/wp\/v2\/media?parent=10043"}],"wp:term":[{"taxonomy":"product_cat","embeddable":true,"href":"https:\/\/www.xiaomistoreks.com\/en\/wp-json\/wp\/v2\/product_cat?post=10043"},{"taxonomy":"product_tag","embeddable":true,"href":"https:\/\/www.xiaomistoreks.com\/en\/wp-json\/wp\/v2\/product_tag?post=10043"}],"curies":[{"name":"wp","href":"https:\/\/api.w.org\/{rel}","templated":true}]}}