{"id":10041,"date":"2023-03-05T01:40:55","date_gmt":"2023-03-05T01:40:55","guid":{"rendered":"http:\/\/www.xiaomistoreks.com\/?post_type=product&#038;p=10041"},"modified":"2026-04-02T08:26:56","modified_gmt":"2026-04-02T08:26:56","slug":"xiaomi-mi-x-simpleway-foaming-hand-soap","status":"publish","type":"product","link":"https:\/\/www.xiaomistoreks.com\/en\/product\/xiaomi-mi-x-simpleway-foaming-hand-soap\/","title":{"rendered":"Xiaomi Mi x Simpleway Foaming Hand Soap"},"content":{"rendered":"","protected":false},"excerpt":{"rendered":"<p>Sapun dore me shkum\u00eb Mi x Simpleway &#8211; rimbushje sapuni p\u00ebr shp\u00ebrndar\u00ebsin e sapunit pa kontakt Mi Dispenser p\u00ebr sapun me shkum\u00eb automatike.<\/p>\n","protected":false},"featured_media":9316,"template":"","meta":[],"product_cat":[193,169],"product_tag":[],"_links":{"self":[{"href":"https:\/\/www.xiaomistoreks.com\/en\/wp-json\/wp\/v2\/product\/10041"}],"collection":[{"href":"https:\/\/www.xiaomistoreks.com\/en\/wp-json\/wp\/v2\/product"}],"about":[{"href":"https:\/\/www.xiaomistoreks.com\/en\/wp-json\/wp\/v2\/types\/product"}],"version-history":[{"count":1,"href":"https:\/\/www.xiaomistoreks.com\/en\/wp-json\/wp\/v2\/product\/10041\/revisions"}],"predecessor-version":[{"id":12063,"href":"https:\/\/www.xiaomistoreks.com\/en\/wp-json\/wp\/v2\/product\/10041\/revisions\/12063"}],"wp:featuredmedia":[{"embeddable":true,"href":"https:\/\/www.xiaomistoreks.com\/en\/wp-json\/wp\/v2\/media\/9316"}],"wp:attachment":[{"href":"https:\/\/www.xiaomistoreks.com\/en\/wp-json\/wp\/v2\/media?parent=10041"}],"wp:term":[{"taxonomy":"product_cat","embeddable":true,"href":"https:\/\/www.xiaomistoreks.com\/en\/wp-json\/wp\/v2\/product_cat?post=10041"},{"taxonomy":"product_tag","embeddable":true,"href":"https:\/\/www.xiaomistoreks.com\/en\/wp-json\/wp\/v2\/product_tag?post=10041"}],"curies":[{"name":"wp","href":"https:\/\/api.w.org\/{rel}","templated":true}]}}