{"id":10040,"date":"2023-03-05T01:40:55","date_gmt":"2023-03-05T01:40:55","guid":{"rendered":"http:\/\/www.xiaomistoreks.com\/?post_type=product&#038;p=10040"},"modified":"2026-03-06T00:32:00","modified_gmt":"2026-03-06T00:32:00","slug":"xiaomi-mi-automatic-soap-dispenser","status":"publish","type":"product","link":"https:\/\/www.xiaomistoreks.com\/en\/product\/xiaomi-mi-automatic-soap-dispenser\/","title":{"rendered":"Xiaomi Mi Automatic Soap Dispenser"},"content":{"rendered":"<p><a href=\"https:\/\/www.xiaomistoreks.com\/wp-content\/uploads\/2023\/03\/soap.jpg\"><img fetchpriority=\"high\" decoding=\"async\" class=\"alignnone size-full wp-image-11216\" src=\"https:\/\/www.xiaomistoreks.com\/wp-content\/uploads\/2023\/03\/soap.jpg\" alt=\"\" width=\"1811\" height=\"876\" \/><\/a> <a href=\"https:\/\/www.xiaomistoreks.com\/wp-content\/uploads\/2023\/03\/soap1.jpg\"><img decoding=\"async\" class=\"alignnone size-full wp-image-11217\" src=\"https:\/\/www.xiaomistoreks.com\/wp-content\/uploads\/2023\/03\/soap1.jpg\" alt=\"\" width=\"1644\" height=\"936\" \/><\/a> <a href=\"https:\/\/www.xiaomistoreks.com\/wp-content\/uploads\/2023\/03\/soap2.jpg\"><img decoding=\"async\" class=\"alignnone size-full wp-image-11218\" src=\"https:\/\/www.xiaomistoreks.com\/wp-content\/uploads\/2023\/03\/soap2.jpg\" alt=\"\" width=\"1772\" height=\"831\" \/><\/a> <a href=\"https:\/\/www.xiaomistoreks.com\/wp-content\/uploads\/2023\/03\/soap3.jpg\"><img loading=\"lazy\" decoding=\"async\" class=\"alignnone size-full wp-image-11219\" src=\"https:\/\/www.xiaomistoreks.com\/wp-content\/uploads\/2023\/03\/soap3.jpg\" alt=\"\" width=\"1724\" height=\"1065\" \/><\/a><\/p>\n","protected":false},"excerpt":{"rendered":"<div class=\"woocommerce-product-details__short-description\">\n<p>Shperndar\u00ebs automatik p\u00ebr shkum\u00eb sapuni. Nuk ka nevoj\u00eb p\u00ebr buton pasi me an\u00eb t\u00eb rrezeve infra t\u00eb kuqe njeh levizjen e dor\u00ebs dhe l\u00ebshon nj\u00eb sasi t\u00eb caktuar shkume.<br \/>\nVREJTJE: Produkti vjen pa shampon dhe bateria<\/p>\n<\/div>\n<div class=\"flex items-center justify-between space-x-3 pt-2 mb-4\"><\/div>\n","protected":false},"featured_media":9313,"template":"","meta":[],"product_cat":[193,169],"product_tag":[],"_links":{"self":[{"href":"https:\/\/www.xiaomistoreks.com\/en\/wp-json\/wp\/v2\/product\/10040"}],"collection":[{"href":"https:\/\/www.xiaomistoreks.com\/en\/wp-json\/wp\/v2\/product"}],"about":[{"href":"https:\/\/www.xiaomistoreks.com\/en\/wp-json\/wp\/v2\/types\/product"}],"version-history":[{"count":4,"href":"https:\/\/www.xiaomistoreks.com\/en\/wp-json\/wp\/v2\/product\/10040\/revisions"}],"predecessor-version":[{"id":11221,"href":"https:\/\/www.xiaomistoreks.com\/en\/wp-json\/wp\/v2\/product\/10040\/revisions\/11221"}],"wp:featuredmedia":[{"embeddable":true,"href":"https:\/\/www.xiaomistoreks.com\/en\/wp-json\/wp\/v2\/media\/9313"}],"wp:attachment":[{"href":"https:\/\/www.xiaomistoreks.com\/en\/wp-json\/wp\/v2\/media?parent=10040"}],"wp:term":[{"taxonomy":"product_cat","embeddable":true,"href":"https:\/\/www.xiaomistoreks.com\/en\/wp-json\/wp\/v2\/product_cat?post=10040"},{"taxonomy":"product_tag","embeddable":true,"href":"https:\/\/www.xiaomistoreks.com\/en\/wp-json\/wp\/v2\/product_tag?post=10040"}],"curies":[{"name":"wp","href":"https:\/\/api.w.org\/{rel}","templated":true}]}}