{"id":10039,"date":"2023-03-05T01:40:55","date_gmt":"2023-03-05T01:40:55","guid":{"rendered":"http:\/\/www.xiaomistoreks.com\/?post_type=product&#038;p=10039"},"modified":"2026-05-01T07:39:37","modified_gmt":"2026-05-01T07:39:37","slug":"xiaomi-mi-cordless-precision-screwdriver-kit","status":"publish","type":"product","link":"https:\/\/www.xiaomistoreks.com\/en\/product\/xiaomi-mi-cordless-precision-screwdriver-kit\/","title":{"rendered":"Xiaomi Mi Cordless Precision Screwdriver Kit"},"content":{"rendered":"<p><a href=\"http:\/\/www.xiaomistoreks.com\/wp-content\/uploads\/2022\/06\/kaqavide-scaled.jpg\"><img fetchpriority=\"high\" decoding=\"async\" class=\"size-full wp-image-10552 aligncenter\" src=\"http:\/\/www.xiaomistoreks.com\/wp-content\/uploads\/2022\/06\/kaqavide-scaled.jpg\" alt=\"\" width=\"745\" height=\"2560\" \/><\/a><\/p>\n","protected":false},"excerpt":{"rendered":"<p>Seti\u00a0 elektrik i ka\u00e7avidave Xiaomi ka fituar 5 \u00e7mime nd\u00ebrkomb\u00ebtare dizajni: iF, Red Dot, Japan Good Design, IDEA dhe Chicago Good Design. Fal\u00eb motorit t\u00eb fuqish\u00ebm magnetik me shpejt\u00ebsi deri n\u00eb 170 rpm dhe ingranazhit t\u00ebr\u00ebsisht metalik, ka\u00e7avida ka koncentricitet\u00a0\u00a0jo m\u00eb shum\u00eb se 0,2 mm t\u00eb bishtit t\u00eb vidhosjes kur rrotullohet. Kjo b\u00ebn t\u00eb mundur q\u00eb efikasiteti t\u00eb jet\u00eb i lart\u00eb e pa t\u00eb meta.<\/p>\n","protected":false},"featured_media":9308,"template":"","meta":[],"product_cat":[171,169,211],"product_tag":[],"_links":{"self":[{"href":"https:\/\/www.xiaomistoreks.com\/en\/wp-json\/wp\/v2\/product\/10039"}],"collection":[{"href":"https:\/\/www.xiaomistoreks.com\/en\/wp-json\/wp\/v2\/product"}],"about":[{"href":"https:\/\/www.xiaomistoreks.com\/en\/wp-json\/wp\/v2\/types\/product"}],"version-history":[{"count":2,"href":"https:\/\/www.xiaomistoreks.com\/en\/wp-json\/wp\/v2\/product\/10039\/revisions"}],"predecessor-version":[{"id":16590,"href":"https:\/\/www.xiaomistoreks.com\/en\/wp-json\/wp\/v2\/product\/10039\/revisions\/16590"}],"wp:featuredmedia":[{"embeddable":true,"href":"https:\/\/www.xiaomistoreks.com\/en\/wp-json\/wp\/v2\/media\/9308"}],"wp:attachment":[{"href":"https:\/\/www.xiaomistoreks.com\/en\/wp-json\/wp\/v2\/media?parent=10039"}],"wp:term":[{"taxonomy":"product_cat","embeddable":true,"href":"https:\/\/www.xiaomistoreks.com\/en\/wp-json\/wp\/v2\/product_cat?post=10039"},{"taxonomy":"product_tag","embeddable":true,"href":"https:\/\/www.xiaomistoreks.com\/en\/wp-json\/wp\/v2\/product_tag?post=10039"}],"curies":[{"name":"wp","href":"https:\/\/api.w.org\/{rel}","templated":true}]}}